{"id":14516,"date":"2022-06-07T01:29:39","date_gmt":"2022-06-07T01:29:39","guid":{"rendered":"https:\/\/steelblue-cat-614097.hostingersite.com\/acerca-de\/"},"modified":"2025-06-15T13:30:54","modified_gmt":"2025-06-15T13:30:54","slug":"acerca-de","status":"publish","type":"page","link":"https:\/\/roadtodesert.com\/es\/acerca-de\/","title":{"rendered":"Acerca de"},"content":{"rendered":"\t\t<div data-elementor-type=\"wp-page\" data-elementor-id=\"14516\" class=\"elementor elementor-14516 elementor-297\">\n\t\t\t\t<div class=\"elementor-element elementor-element-6374d1d7 e-con-full e-flex e-con e-parent\" data-id=\"6374d1d7\" data-element_type=\"container\" data-e-type=\"container\">\n\t\t<div class=\"elementor-element elementor-element-4d6f3b3f e-con-full e-flex e-con e-child\" data-id=\"4d6f3b3f\" data-element_type=\"container\" data-e-type=\"container\" data-settings=\"{&quot;background_background&quot;:&quot;classic&quot;}\">\n\t\t\t\t<div class=\"elementor-element elementor-element-5d753e82 elementor-widget__width-initial elementor-widget-mobile__width-inherit elementor-widget elementor-widget-heading\" data-id=\"5d753e82\" data-element_type=\"widget\" data-e-type=\"widget\" data-widget_type=\"heading.default\">\n\t\t\t\t<div class=\"elementor-widget-container\">\n\t\t\t\t\t<div class=\"elementor-heading-title elementor-size-default\">Sobre nosotros - Camino al Desierto<\/div>\t\t\t\t<\/div>\n\t\t\t\t<\/div>\n\t\t\t\t<div class=\"elementor-element elementor-element-3e5b2801 elementor-widget__width-initial elementor-widget-mobile__width-inherit elementor-widget elementor-widget-heading\" data-id=\"3e5b2801\" data-element_type=\"widget\" data-e-type=\"widget\" data-widget_type=\"heading.default\">\n\t\t\t\t<div class=\"elementor-widget-container\">\n\t\t\t\t\t<h2 class=\"elementor-heading-title elementor-size-default\">Bienvenido a Road to Desert, donde hacemos realidad tu sue\u00f1o de explorar Marruecos. Nuestra empresa se especializa en ofrecer recorridos guiados que te llevan por la diversa belleza, historia y cultura de Marruecos. Desde las vibrantes calles de Casablanca hasta las dunas doradas del S\u00e1hara, ofrecemos una serie de experiencias inolvidables por las ciudades m\u00e1s emblem\u00e1ticas y las joyas ocultas de Marruecos.  \n<\/h2>\t\t\t\t<\/div>\n\t\t\t\t<\/div>\n\t\t\t\t<div class=\"elementor-element elementor-element-5c5bcf9a elementor-widget-mobile__width-inherit elementor-widget elementor-widget-button\" data-id=\"5c5bcf9a\" data-element_type=\"widget\" data-e-type=\"widget\" data-widget_type=\"button.default\">\n\t\t\t\t<div class=\"elementor-widget-container\">\n\t\t\t\t\t\t\t\t\t<div class=\"elementor-button-wrapper\">\n\t\t\t\t\t<a class=\"elementor-button elementor-button-link elementor-size-sm\" href=\"#\">\n\t\t\t\t\t\t<span class=\"elementor-button-content-wrapper\">\n\t\t\t\t\t\t<span class=\"elementor-button-icon\">\n\t\t\t\t\t\t\t<\/span>\n\t\t\t\t\t\t\t\t\t<span class=\"elementor-button-text\">Ver detalles<\/span>\n\t\t\t\t\t<\/span>\n\t\t\t\t\t<\/a>\n\t\t\t\t<\/div>\n\t\t\t\t\t\t\t\t<\/div>\n\t\t\t\t<\/div>\n\t\t\t\t<\/div>\n\t\t<div class=\"elementor-element elementor-element-60b646bc e-con-full e-flex e-con e-child\" data-id=\"60b646bc\" data-element_type=\"container\" data-e-type=\"container\" data-settings=\"{&quot;background_background&quot;:&quot;classic&quot;}\">\n\t\t\t\t<\/div>\n\t\t\t\t<\/div>\n\t\t\t\t<section class=\"elementor-section elementor-top-section elementor-element elementor-element-ab6bb6e elementor-section-boxed elementor-section-height-default elementor-section-height-default\" data-id=\"ab6bb6e\" data-element_type=\"section\" data-e-type=\"section\">\n\t\t\t\t\t\t<div class=\"elementor-container elementor-column-gap-default\">\n\t\t\t\t\t<div class=\"elementor-column elementor-col-50 elementor-top-column elementor-element elementor-element-2a1c1120\" data-id=\"2a1c1120\" data-element_type=\"column\" data-e-type=\"column\">\n\t\t\t<div class=\"elementor-widget-wrap elementor-element-populated\">\n\t\t\t\t\t\t<div class=\"elementor-element elementor-element-40486a97 elementor-widget elementor-widget-heading\" data-id=\"40486a97\" data-element_type=\"widget\" data-e-type=\"widget\" data-widget_type=\"heading.default\">\n\t\t\t\t<div class=\"elementor-widget-container\">\n\t\t\t\t\t<h2 class=\"elementor-heading-title elementor-size-default\">Nuestra misi\u00f3n<\/h2>\t\t\t\t<\/div>\n\t\t\t\t<\/div>\n\t\t\t\t<div class=\"elementor-element elementor-element-328848b elementor-widget elementor-widget-heading\" data-id=\"328848b\" data-element_type=\"widget\" data-e-type=\"widget\" data-widget_type=\"heading.default\">\n\t\t\t\t<div class=\"elementor-widget-container\">\n\t\t\t\t\t<h2 class=\"elementor-heading-title elementor-size-default\">En Road to Desert, nuestra misi\u00f3n es sencilla: proporcionarte una experiencia de viaje aut\u00e9ntica y confortable. Nos apasiona mostrar la belleza natural de Marruecos, su rica historia y la calidez de sus gentes. Nuestros gu\u00edas expertos ofrecen informaci\u00f3n sobre la cultura, las tradiciones y las historias de los lugares que visitas, lo que te proporciona una conexi\u00f3n m\u00e1s profunda con los destinos.  <\/h2>\t\t\t\t<\/div>\n\t\t\t\t<\/div>\n\t\t\t\t\t<\/div>\n\t\t<\/div>\n\t\t\t\t<div class=\"elementor-column elementor-col-50 elementor-top-column elementor-element elementor-element-1647dad5\" data-id=\"1647dad5\" data-element_type=\"column\" data-e-type=\"column\">\n\t\t\t<div class=\"elementor-widget-wrap elementor-element-populated\">\n\t\t\t\t\t\t<div class=\"elementor-element elementor-element-659789eb elementor-widget elementor-widget-heading\" data-id=\"659789eb\" data-element_type=\"widget\" data-e-type=\"widget\" data-widget_type=\"heading.default\">\n\t\t\t\t<div class=\"elementor-widget-container\">\n\t\t\t\t\t<h2 class=\"elementor-heading-title elementor-size-default\">Nuestro equipo<\/h2>\t\t\t\t<\/div>\n\t\t\t\t<\/div>\n\t\t\t\t<div class=\"elementor-element elementor-element-6cf58b81 elementor-widget elementor-widget-heading\" data-id=\"6cf58b81\" data-element_type=\"widget\" data-e-type=\"widget\" data-widget_type=\"heading.default\">\n\t\t\t\t<div class=\"elementor-widget-container\">\n\t\t\t\t\t<h2 class=\"elementor-heading-title elementor-size-default\">Detr\u00e1s de Road to Desert hay un equipo de lugare\u00f1os apasionados y experimentados que se dedican a hacer que tu viaje por Marruecos sea inolvidable. Nuestros gu\u00edas son expertos, amables y siempre est\u00e1n dispuestos a compartir contigo su amor por el pa\u00eds. Trabajamos en estrecha colaboraci\u00f3n con las comunidades locales para garantizar una experiencia tur\u00edstica respetuosa y sostenible, apoyando a las empresas locales y preservando el rico patrimonio de Marruecos.  <\/h2>\t\t\t\t<\/div>\n\t\t\t\t<\/div>\n\t\t\t\t\t<\/div>\n\t\t<\/div>\n\t\t\t\t\t<\/div>\n\t\t<\/section>\n\t\t<div class=\"elementor-element elementor-element-4d520e09 e-flex e-con-boxed e-con e-parent\" data-id=\"4d520e09\" data-element_type=\"container\" data-e-type=\"container\" data-settings=\"{&quot;background_background&quot;:&quot;classic&quot;}\">\n\t\t\t\t\t<div class=\"e-con-inner\">\n\t\t<div class=\"elementor-element elementor-element-2f35fbae e-con-full st-overflow-hidden e-flex e-con e-child\" data-id=\"2f35fbae\" data-element_type=\"container\" data-e-type=\"container\" data-settings=\"{&quot;background_background&quot;:&quot;classic&quot;}\">\n\t\t\t\t<div class=\"elementor-element elementor-element-4a2b3b94 elementor-widget-mobile__width-initial e-transform animated-slow elementor-invisible elementor-widget elementor-widget-image\" data-id=\"4a2b3b94\" data-element_type=\"widget\" data-e-type=\"widget\" data-settings=\"{&quot;_animation&quot;:&quot;fadeInLeft&quot;,&quot;_transform_skewX_effect_hover&quot;:{&quot;unit&quot;:&quot;px&quot;,&quot;size&quot;:&quot;&quot;,&quot;sizes&quot;:[]},&quot;_transform_skewX_effect_hover_laptop&quot;:{&quot;unit&quot;:&quot;deg&quot;,&quot;size&quot;:&quot;&quot;,&quot;sizes&quot;:[]},&quot;_transform_skewX_effect_hover_tablet&quot;:{&quot;unit&quot;:&quot;deg&quot;,&quot;size&quot;:&quot;&quot;,&quot;sizes&quot;:[]},&quot;_transform_skewX_effect_hover_mobile&quot;:{&quot;unit&quot;:&quot;deg&quot;,&quot;size&quot;:&quot;&quot;,&quot;sizes&quot;:[]},&quot;_transform_skewY_effect_hover&quot;:{&quot;unit&quot;:&quot;px&quot;,&quot;size&quot;:&quot;&quot;,&quot;sizes&quot;:[]},&quot;_transform_skewY_effect_hover_laptop&quot;:{&quot;unit&quot;:&quot;deg&quot;,&quot;size&quot;:&quot;&quot;,&quot;sizes&quot;:[]},&quot;_transform_skewY_effect_hover_tablet&quot;:{&quot;unit&quot;:&quot;deg&quot;,&quot;size&quot;:&quot;&quot;,&quot;sizes&quot;:[]},&quot;_transform_skewY_effect_hover_mobile&quot;:{&quot;unit&quot;:&quot;deg&quot;,&quot;size&quot;:&quot;&quot;,&quot;sizes&quot;:[]}}\" data-widget_type=\"image.default\">\n\t\t\t\t<div class=\"elementor-widget-container\">\n\t\t\t\t\t\t\t\t\t\t\t\t\t\t\t<img fetchpriority=\"high\" decoding=\"async\" width=\"900\" height=\"600\" src=\"https:\/\/roadtodesert.com\/wp-content\/uploads\/2025\/01\/1550677937-toubkal-20.jpg\" class=\"elementor-animation-grow attachment-full size-full wp-image-13470\" alt=\"\" srcset=\"https:\/\/roadtodesert.com\/wp-content\/uploads\/2025\/01\/1550677937-toubkal-20.jpg 900w, https:\/\/roadtodesert.com\/wp-content\/uploads\/2025\/01\/1550677937-toubkal-20-768x512.jpg 768w, https:\/\/roadtodesert.com\/wp-content\/uploads\/2025\/01\/1550677937-toubkal-20-450x300.jpg 450w, https:\/\/roadtodesert.com\/wp-content\/uploads\/2025\/01\/1550677937-toubkal-20-600x400.jpg 600w\" sizes=\"(max-width: 900px) 100vw, 900px\" \/>\t\t\t\t\t\t\t\t\t\t\t\t\t\t\t<\/div>\n\t\t\t\t<\/div>\n\t\t\t\t<\/div>\n\t\t<div class=\"elementor-element elementor-element-6effc1b8 e-con-full e-flex e-con e-child\" data-id=\"6effc1b8\" data-element_type=\"container\" data-e-type=\"container\" data-settings=\"{&quot;background_background&quot;:&quot;classic&quot;}\">\n\t\t\t\t<div class=\"elementor-element elementor-element-12596272 animated-slow elementor-widget__width-initial elementor-invisible elementor-widget elementor-widget-heading\" data-id=\"12596272\" data-element_type=\"widget\" data-e-type=\"widget\" data-settings=\"{&quot;_animation&quot;:&quot;fadeInUp&quot;,&quot;_animation_delay&quot;:200}\" data-widget_type=\"heading.default\">\n\t\t\t\t<div class=\"elementor-widget-container\">\n\t\t\t\t\t<h2 class=\"elementor-heading-title elementor-size-default\">\u00bfPor qu\u00e9 elegirnos?\n<\/h2>\t\t\t\t<\/div>\n\t\t\t\t<\/div>\n\t\t\t\t<div class=\"elementor-element elementor-element-3924c9fa animated-slow elementor-widget__width-initial elementor-invisible elementor-widget elementor-widget-text-editor\" data-id=\"3924c9fa\" data-element_type=\"widget\" data-e-type=\"widget\" data-settings=\"{&quot;_animation&quot;:&quot;fadeInUp&quot;,&quot;_animation_delay&quot;:400}\" data-widget_type=\"text-editor.default\">\n\t\t\t\t<div class=\"elementor-widget-container\">\n\t\t\t\t\t\t\t\t\t<ul><li><strong>Gu\u00edas expertos<\/strong>: Nuestro equipo est\u00e1 formado por gu\u00edas locales experimentados a los que les apasiona compartir la belleza y la historia de Marruecos.<\/li><li><strong>Experiencias personalizadas<\/strong>: Dise\u00f1amos viajes flexibles y adaptados a tus intereses, para que aproveches al m\u00e1ximo tu estancia en Marruecos.<\/li><li><strong>Comodidad y seguridad<\/strong>: Proporcionamos transporte de alta gama y tomamos todas las medidas necesarias para garantizar tu seguridad y comodidad durante el viaje.<\/li><li><strong>Inmersi\u00f3n cultural<\/strong>: Vamos m\u00e1s all\u00e1 de las t\u00edpicas experiencias tur\u00edsticas para ofrecerte un aut\u00e9ntico sabor de la cultura marroqu\u00ed, desde su comida y m\u00fasica hasta sus tradiciones e historia.<\/li><li><strong>Viajes sostenibles<\/strong>: Nos comprometemos a apoyar el turismo sostenible, ayudando a preservar las maravillas naturales de Marruecos al tiempo que contribuimos a las econom\u00edas locales.<\/li><\/ul>\t\t\t\t\t\t\t\t<\/div>\n\t\t\t\t<\/div>\n\t\t\t\t<div class=\"elementor-element elementor-element-9dd62b2 elementor-align-left animated-slow elementor-invisible elementor-widget elementor-widget-button\" data-id=\"9dd62b2\" data-element_type=\"widget\" data-e-type=\"widget\" data-settings=\"{&quot;_animation&quot;:&quot;fadeInUp&quot;,&quot;_animation_delay&quot;:600}\" data-widget_type=\"button.default\">\n\t\t\t\t<div class=\"elementor-widget-container\">\n\t\t\t\t\t\t\t\t\t<div class=\"elementor-button-wrapper\">\n\t\t\t\t\t<a class=\"elementor-button elementor-button-link elementor-size-sm\" href=\"\/about-us\/\">\n\t\t\t\t\t\t<span class=\"elementor-button-content-wrapper\">\n\t\t\t\t\t\t\t\t\t<span class=\"elementor-button-text\">descubrir m\u00e1s<\/span>\n\t\t\t\t\t<\/span>\n\t\t\t\t\t<\/a>\n\t\t\t\t<\/div>\n\t\t\t\t\t\t\t\t<\/div>\n\t\t\t\t<\/div>\n\t\t\t\t<\/div>\n\t\t\t\t\t<\/div>\n\t\t\t\t<\/div>\n\t\t\t\t<\/div>\n\t\t","protected":false},"excerpt":{"rendered":"<p>Sobre nosotros &#8211; Camino al Desierto Bienvenido a Road to Desert, donde hacemos realidad tu sue\u00f1o de explorar Marruecos. Nuestra empresa se especializa en ofrecer recorridos guiados que te llevan por la diversa belleza, historia y cultura de Marruecos. Desde las vibrantes calles de Casablanca hasta las dunas doradas del S\u00e1hara, ofrecemos una serie de [&hellip;]<\/p>\n","protected":false},"author":3,"featured_media":15645,"parent":0,"menu_order":0,"comment_status":"closed","ping_status":"closed","template":"elementor_header_footer","meta":{"footnotes":""},"class_list":["post-14516","page","type-page","status-publish","has-post-thumbnail","hentry"],"_links":{"self":[{"href":"https:\/\/roadtodesert.com\/es\/wp-json\/wp\/v2\/pages\/14516","targetHints":{"allow":["GET"]}}],"collection":[{"href":"https:\/\/roadtodesert.com\/es\/wp-json\/wp\/v2\/pages"}],"about":[{"href":"https:\/\/roadtodesert.com\/es\/wp-json\/wp\/v2\/types\/page"}],"author":[{"embeddable":true,"href":"https:\/\/roadtodesert.com\/es\/wp-json\/wp\/v2\/users\/3"}],"replies":[{"embeddable":true,"href":"https:\/\/roadtodesert.com\/es\/wp-json\/wp\/v2\/comments?post=14516"}],"version-history":[{"count":6,"href":"https:\/\/roadtodesert.com\/es\/wp-json\/wp\/v2\/pages\/14516\/revisions"}],"predecessor-version":[{"id":15875,"href":"https:\/\/roadtodesert.com\/es\/wp-json\/wp\/v2\/pages\/14516\/revisions\/15875"}],"wp:featuredmedia":[{"embeddable":true,"href":"https:\/\/roadtodesert.com\/es\/wp-json\/wp\/v2\/media\/15645"}],"wp:attachment":[{"href":"https:\/\/roadtodesert.com\/es\/wp-json\/wp\/v2\/media?parent=14516"}],"curies":[{"name":"wp","href":"https:\/\/api.w.org\/{rel}","templated":true}]}}