{"id":14432,"date":"2025-01-26T08:07:09","date_gmt":"2025-01-26T08:07:09","guid":{"rendered":"https:\/\/steelblue-cat-614097.hostingersite.com\/viajes-desde-fez\/"},"modified":"2025-05-20T22:32:31","modified_gmt":"2025-05-20T22:32:31","slug":"viajes-desde-fez","status":"publish","type":"page","link":"https:\/\/roadtodesert.com\/es\/viajes-desde-fez\/","title":{"rendered":"viajes desde fez"},"content":{"rendered":"\t\t<div data-elementor-type=\"wp-page\" data-elementor-id=\"14432\" class=\"elementor elementor-14432 elementor-10598\">\n\t\t\t\t<div class=\"elementor-element elementor-element-768e972d elementor-hidden-desktop elementor-hidden-laptop elementor-hidden-tablet e-flex e-con-boxed e-con e-parent\" data-id=\"768e972d\" data-element_type=\"container\" data-e-type=\"container\" data-settings=\"{&quot;background_background&quot;:&quot;classic&quot;}\">\n\t\t\t\t\t<div class=\"e-con-inner\">\n\t\t\t\t<div class=\"elementor-element elementor-element-2d22e85c elementor-widget elementor-widget-elementskit-heading\" data-id=\"2d22e85c\" data-element_type=\"widget\" data-e-type=\"widget\" data-widget_type=\"elementskit-heading.default\">\n\t\t\t\t<div class=\"elementor-widget-container\">\n\t\t\t\t\t<div class=\"ekit-wid-con\" ><div class=\"ekit-heading elementskit-section-title-wraper center   ekit_heading_tablet-   ekit_heading_mobile-\"><h2 class=\"ekit-heading--title elementskit-section-title \">Excursiones inolvidables de varios d\u00edas desde Fez<\/h2><div class=\"ekit_heading_separetor_wraper ekit_heading_elementskit-border-divider ekit-dotted\"><div class=\"elementskit-border-divider ekit-dotted\"><\/div><\/div>\t\t\t\t<div class='ekit-heading__description'>\n\t\t\t\t\t<p class=\"\">Comienza tu aventura en Fez y explora los destinos m\u00e1s emblem\u00e1ticos de Marruecos. Todos los tours incluyen transporte, gu\u00edas, alojamiento y experiencias inolvidables. <\/p>\n\t\t\t\t<\/div>\n\t\t\t<\/div><\/div>\t\t\t\t<\/div>\n\t\t\t\t<\/div>\n\t\t\t\t\t<\/div>\n\t\t\t\t<\/div>\n\t\t<div class=\"elementor-element elementor-element-58a0e40a elementor-hidden-mobile e-flex e-con-boxed e-con e-parent\" data-id=\"58a0e40a\" data-element_type=\"container\" data-e-type=\"container\" data-settings=\"{&quot;background_background&quot;:&quot;classic&quot;}\">\n\t\t\t\t\t<div class=\"e-con-inner\">\n\t\t\t\t<div class=\"elementor-element elementor-element-5b979ca9 elementor-widget elementor-widget-elementskit-heading\" data-id=\"5b979ca9\" data-element_type=\"widget\" data-e-type=\"widget\" data-widget_type=\"elementskit-heading.default\">\n\t\t\t\t<div class=\"elementor-widget-container\">\n\t\t\t\t\t<div class=\"ekit-wid-con\" ><div class=\"ekit-heading elementskit-section-title-wraper center   ekit_heading_tablet-   ekit_heading_mobile-\"><h2 class=\"ekit-heading--title elementskit-section-title \">Excursiones inolvidables de varios d\u00edas desde Fez<\/h2><div class=\"ekit_heading_separetor_wraper ekit_heading_elementskit-border-divider ekit-dotted\"><div class=\"elementskit-border-divider ekit-dotted\"><\/div><\/div>\t\t\t\t<div class='ekit-heading__description'>\n\t\t\t\t\t<p class=\"\">Comienza tu aventura en Fez y explora los destinos m\u00e1s emblem\u00e1ticos de Marruecos. Todos los tours incluyen transporte, gu\u00edas, alojamiento y experiencias inolvidables. <\/p>\n\t\t\t\t<\/div>\n\t\t\t<\/div><\/div>\t\t\t\t<\/div>\n\t\t\t\t<\/div>\n\t\t\t\t\t<\/div>\n\t\t\t\t<\/div>\n\t\t<div class=\"elementor-element elementor-element-17bd7362 e-flex e-con-boxed e-con e-parent\" data-id=\"17bd7362\" data-element_type=\"container\" data-e-type=\"container\" id=\"xs_team_1\">\n\t\t\t\t\t<div class=\"e-con-inner\">\n\t\t\t\t<div class=\"elementor-element elementor-element-1fc137e5 elementor-widget elementor-widget-elementskit-heading\" data-id=\"1fc137e5\" data-element_type=\"widget\" data-e-type=\"widget\" data-widget_type=\"elementskit-heading.default\">\n\t\t\t\t<div class=\"elementor-widget-container\">\n\t\t\t\t\t<div class=\"ekit-wid-con\" ><div class=\"ekit-heading elementskit-section-title-wraper center   ekit_heading_tablet-   ekit_heading_mobile-\"><h3 class=\"ekit-heading--title elementskit-section-title \">Elige tu excursi\u00f3n a continuaci\u00f3n y reserva ahora <\/h3>\t\t\t\t<div class='ekit-heading__description'>\n\t\t\t\t\t<p>\u00a1Tu viaje a Marruecos comienza aqu\u00ed! \ud83d\udc47<\/p>\n\t\t\t\t<\/div>\n\t\t\t<div class=\"ekit_heading_separetor_wraper ekit_heading_elementskit-border-divider ekit-dotted\"><div class=\"elementskit-border-divider ekit-dotted\"><\/div><\/div><\/div><\/div>\t\t\t\t<\/div>\n\t\t\t\t<\/div>\n\t\t\t\t\t<\/div>\n\t\t\t\t<\/div>\n\t\t<div class=\"elementor-element elementor-element-3c68ba20 e-flex e-con-boxed e-con e-parent\" data-id=\"3c68ba20\" data-element_type=\"container\" data-e-type=\"container\">\n\t\t\t\t\t<div class=\"e-con-inner\">\n\t\t<div class=\"elementor-element elementor-element-65f2b005 e-con-full e-grid e-con e-child\" data-id=\"65f2b005\" data-element_type=\"container\" data-e-type=\"container\">\n\t\t\t\t<div class=\"elementor-element elementor-element-20709941 ekit-equal-height-enable elementor-widget elementor-widget-elementskit-image-box\" data-id=\"20709941\" data-element_type=\"widget\" data-e-type=\"widget\" data-widget_type=\"elementskit-image-box.default\">\n\t\t\t\t<div class=\"elementor-widget-container\">\n\t\t\t\t\t<div class=\"ekit-wid-con\" >\n            <div class=\"elementskit-info-image-box ekit-image-box text-left style-modern\" >\n\n                <a href=\"https:\/\/roadtodesert.com\/es\/st_tour\/viaje-de-3-dias-de-fez-a-marrakech-por-el-desierto\/\">\n                <div class=\"elementskit-box-header image-box-img-left\">\n\n                    <img fetchpriority=\"high\" decoding=\"async\" width=\"669\" height=\"446\" src=\"https:\/\/roadtodesert.com\/wp-content\/uploads\/2025\/05\/c5.jpg\" class=\"attachment-full size-full wp-image-15127\" alt=\"\" srcset=\"https:\/\/roadtodesert.com\/wp-content\/uploads\/2025\/05\/c5.jpg 669w, https:\/\/roadtodesert.com\/wp-content\/uploads\/2025\/05\/c5-768x512.jpg 768w\" sizes=\"(max-width: 669px) 100vw, 669px\" \/>\n                <\/div>\n                <\/a>\n                <div class=\"elementskit-box-body ekit-image-box-body\">\n                    <div class=\"elementskit-box-content ekit-image-box-body-inner\">\n                                                <h3 class=\"elementskit-info-box-title\">\n\n                        Viaje de 3 d\u00edas de Fez a Marrakech por el desierto\n                        \n                    <\/h3>\n                                                            <div class=\"elementskit-box-style-content\">\n                        \u00a1Esc\u00e1pate al Sahara en este viaje inolvidable! Monta en camello por las dunas doradas, duerme bajo el cielo estrellado en un campamento en el desierto y explora los ic\u00f3nicos paisajes de Marruecos. Recorre la \"Ruta de las Mil Kasbahs\", visita Ait Ben Haddou, declarada Patrimonio de la Humanidad por la UNESCO, y atraviesa valles espectaculares antes de llegar a la vibrante Marrakech.                      <\/div>\n                                    <\/div>\n\n                                <div class=\"elementskit-box-footer\">\n                    <div class=\"box-footer\">\n                        <div class=\"btn-wraper\">\n                                                            <a href=\"https:\/\/roadtodesert.com\/es\/st_tour\/viaje-de-3-dias-de-fez-a-marrakech-por-el-desierto\/\" class=\"elementskit-btn whitespace--normal\">\n                                    \n                                    <svg aria-hidden=\"true\" class=\"e-font-icon-svg e-far-calendar-check\" viewBox=\"0 0 448 512\" xmlns=\"http:\/\/www.w3.org\/2000\/svg\"><path d=\"M400 64h-48V12c0-6.627-5.373-12-12-12h-40c-6.627 0-12 5.373-12 12v52H160V12c0-6.627-5.373-12-12-12h-40c-6.627 0-12 5.373-12 12v52H48C21.49 64 0 85.49 0 112v352c0 26.51 21.49 48 48 48h352c26.51 0 48-21.49 48-48V112c0-26.51-21.49-48-48-48zm-6 400H54a6 6 0 0 1-6-6V160h352v298a6 6 0 0 1-6 6zm-52.849-200.65L198.842 404.519c-4.705 4.667-12.303 4.637-16.971-.068l-75.091-75.699c-4.667-4.705-4.637-12.303.068-16.971l22.719-22.536c4.705-4.667 12.303-4.637 16.97.069l44.104 44.461 111.072-110.181c4.705-4.667 12.303-4.637 16.971.068l22.536 22.718c4.667 4.705 4.636 12.303-.069 16.97z\"><\/path><\/svg>\n                                    Haz clic para reservar                                <\/a>\n                                                        <\/div>\n                    <\/div>\n                <\/div>\n                            <\/div>\n            <\/div>\n    <\/div>\t\t\t\t<\/div>\n\t\t\t\t<\/div>\n\t\t\t\t<div class=\"elementor-element elementor-element-1a7edc04 ekit-equal-height-enable elementor-widget elementor-widget-elementskit-image-box\" data-id=\"1a7edc04\" data-element_type=\"widget\" data-e-type=\"widget\" data-widget_type=\"elementskit-image-box.default\">\n\t\t\t\t<div class=\"elementor-widget-container\">\n\t\t\t\t\t<div class=\"ekit-wid-con\" >\n            <div class=\"elementskit-info-image-box ekit-image-box text-left style-modern\" >\n\n                <a href=\"https:\/\/roadtodesert.com\/es\/st_tour\/excursion-de-3-dias-por-el-desierto-del-sahara-de-fez-a-merzouga\/\">\n                <div class=\"elementskit-box-header image-box-img-left\">\n\n                    <img decoding=\"async\" width=\"1200\" height=\"675\" src=\"https:\/\/roadtodesert.com\/wp-content\/uploads\/2025\/05\/Fez-Cultural-1200x675-1.webp\" class=\"attachment-full size-full wp-image-15131\" alt=\"\" srcset=\"https:\/\/roadtodesert.com\/wp-content\/uploads\/2025\/05\/Fez-Cultural-1200x675-1.webp 1200w, https:\/\/roadtodesert.com\/wp-content\/uploads\/2025\/05\/Fez-Cultural-1200x675-1-768x432.webp 768w, https:\/\/roadtodesert.com\/wp-content\/uploads\/2025\/05\/Fez-Cultural-1200x675-1-600x337.webp 600w\" sizes=\"(max-width: 1200px) 100vw, 1200px\" \/>\n                <\/div>\n                <\/a>\n                <div class=\"elementskit-box-body ekit-image-box-body\">\n                    <div class=\"elementskit-box-content ekit-image-box-body-inner\">\n                                                <h3 class=\"elementskit-info-box-title\">\n\n                        Excursi\u00f3n de 3 d\u00edas por el desierto del Sahara de Fez a Merzouga\n                        \n                    <\/h3>\n                                                            <div class=\"elementskit-box-style-content\">\n                        \u00a1Explora la magia del desierto de Marruecos en s\u00f3lo 3 d\u00edas! Viaja por las monta\u00f1as del Atlas Medio, visita Ifrane (la \"Suiza de Marruecos\") y los bosques de cedros, y luego dir\u00edgete a las dunas doradas de Merzouga, en el Sahara.                     <\/div>\n                                    <\/div>\n\n                                <div class=\"elementskit-box-footer\">\n                    <div class=\"box-footer\">\n                        <div class=\"btn-wraper\">\n                                                            <a href=\"https:\/\/roadtodesert.com\/es\/st_tour\/excursion-de-3-dias-por-el-desierto-del-sahara-de-fez-a-merzouga\/\" class=\"elementskit-btn whitespace--normal\">\n                                    \n                                    <svg aria-hidden=\"true\" class=\"e-font-icon-svg e-far-calendar-check\" viewBox=\"0 0 448 512\" xmlns=\"http:\/\/www.w3.org\/2000\/svg\"><path d=\"M400 64h-48V12c0-6.627-5.373-12-12-12h-40c-6.627 0-12 5.373-12 12v52H160V12c0-6.627-5.373-12-12-12h-40c-6.627 0-12 5.373-12 12v52H48C21.49 64 0 85.49 0 112v352c0 26.51 21.49 48 48 48h352c26.51 0 48-21.49 48-48V112c0-26.51-21.49-48-48-48zm-6 400H54a6 6 0 0 1-6-6V160h352v298a6 6 0 0 1-6 6zm-52.849-200.65L198.842 404.519c-4.705 4.667-12.303 4.637-16.971-.068l-75.091-75.699c-4.667-4.705-4.637-12.303.068-16.971l22.719-22.536c4.705-4.667 12.303-4.637 16.97.069l44.104 44.461 111.072-110.181c4.705-4.667 12.303-4.637 16.971.068l22.536 22.718c4.667 4.705 4.636 12.303-.069 16.97z\"><\/path><\/svg>\n                                    Haz clic para reservar                                <\/a>\n                                                        <\/div>\n                    <\/div>\n                <\/div>\n                            <\/div>\n            <\/div>\n    <\/div>\t\t\t\t<\/div>\n\t\t\t\t<\/div>\n\t\t\t\t<div class=\"elementor-element elementor-element-596d1ed3 ekit-equal-height-enable elementor-widget elementor-widget-elementskit-image-box\" data-id=\"596d1ed3\" data-element_type=\"widget\" data-e-type=\"widget\" data-widget_type=\"elementskit-image-box.default\">\n\t\t\t\t<div class=\"elementor-widget-container\">\n\t\t\t\t\t<div class=\"ekit-wid-con\" >\n            <div class=\"elementskit-info-image-box ekit-image-box text-left style-modern\" >\n\n                <a href=\"https:\/\/roadtodesert.com\/es\/st_tour\/aventura-de-4-dias-por-el-desierto-de-fez-a-merzouga-un-viaje-por-los-tesoros-ocultos-de-marruecos\/\">\n                <div class=\"elementskit-box-header image-box-img-left\">\n\n                    <img decoding=\"async\" src=\"https:\/\/roadtodesert.com\/wp-content\/uploads\/2025\/05\/28f702f6e71c07d2.avif\" class=\"attachment-full size-full wp-image-15119\" alt=\"\" \/>\n                <\/div>\n                <\/a>\n                <div class=\"elementskit-box-body ekit-image-box-body\">\n                    <div class=\"elementskit-box-content ekit-image-box-body-inner\">\n                                                <h3 class=\"elementskit-info-box-title\">\n\n                        Aventura de 4 d\u00edas por el desierto de Fez a Merzouga: Un viaje por los tesoros ocultos de Marruecos\n                        \n                    <\/h3>\n                                                            <div class=\"elementskit-box-style-content\">\n                        Partiendo de Fez, esta excursi\u00f3n de 4 d\u00edas y 3 noches te lleva por los impresionantes paisajes de Marruecos, desde los bosques de cedros y la ciudad alpina de Ifrane hasta las dunas doradas de Erg Chebbi en Merzouga. Disfruta de vistas monta\u00f1osas, aventuras en el desierto y una visita guiada a Fez.                     <\/div>\n                                    <\/div>\n\n                                <div class=\"elementskit-box-footer\">\n                    <div class=\"box-footer\">\n                        <div class=\"btn-wraper\">\n                                                            <a href=\"https:\/\/roadtodesert.com\/es\/st_tour\/aventura-de-4-dias-por-el-desierto-de-fez-a-merzouga-un-viaje-por-los-tesoros-ocultos-de-marruecos\/\" class=\"elementskit-btn whitespace--normal\">\n                                    \n                                    <svg aria-hidden=\"true\" class=\"e-font-icon-svg e-far-calendar-check\" viewBox=\"0 0 448 512\" xmlns=\"http:\/\/www.w3.org\/2000\/svg\"><path d=\"M400 64h-48V12c0-6.627-5.373-12-12-12h-40c-6.627 0-12 5.373-12 12v52H160V12c0-6.627-5.373-12-12-12h-40c-6.627 0-12 5.373-12 12v52H48C21.49 64 0 85.49 0 112v352c0 26.51 21.49 48 48 48h352c26.51 0 48-21.49 48-48V112c0-26.51-21.49-48-48-48zm-6 400H54a6 6 0 0 1-6-6V160h352v298a6 6 0 0 1-6 6zm-52.849-200.65L198.842 404.519c-4.705 4.667-12.303 4.637-16.971-.068l-75.091-75.699c-4.667-4.705-4.637-12.303.068-16.971l22.719-22.536c4.705-4.667 12.303-4.637 16.97.069l44.104 44.461 111.072-110.181c4.705-4.667 12.303-4.637 16.971.068l22.536 22.718c4.667 4.705 4.636 12.303-.069 16.97z\"><\/path><\/svg>\n                                    Haz clic para reservar                                <\/a>\n                                                        <\/div>\n                    <\/div>\n                <\/div>\n                            <\/div>\n            <\/div>\n    <\/div>\t\t\t\t<\/div>\n\t\t\t\t<\/div>\n\t\t\t\t<div class=\"elementor-element elementor-element-5b8b93da ekit-equal-height-enable elementor-widget elementor-widget-elementskit-image-box\" data-id=\"5b8b93da\" data-element_type=\"widget\" data-e-type=\"widget\" data-widget_type=\"elementskit-image-box.default\">\n\t\t\t\t<div class=\"elementor-widget-container\">\n\t\t\t\t\t<div class=\"ekit-wid-con\" >\n            <div class=\"elementskit-info-image-box ekit-image-box text-left style-modern\" >\n\n                <a href=\"https:\/\/roadtodesert.com\/es\/st_tour\/aventura-de-7-dias-en-marruecos-de-fez-a-marrakech-pasando-por-el-desierto\/\">\n                <div class=\"elementskit-box-header image-box-img-left\">\n\n                    <img decoding=\"async\" width=\"1200\" height=\"800\" src=\"https:\/\/roadtodesert.com\/wp-content\/uploads\/2025\/05\/Tizi-nTichka-Pass.jpg\" class=\"attachment-full size-full wp-image-15145\" alt=\"\" srcset=\"https:\/\/roadtodesert.com\/wp-content\/uploads\/2025\/05\/Tizi-nTichka-Pass.jpg 1200w, https:\/\/roadtodesert.com\/wp-content\/uploads\/2025\/05\/Tizi-nTichka-Pass-768x512.jpg 768w\" sizes=\"(max-width: 1200px) 100vw, 1200px\" \/>\n                <\/div>\n                <\/a>\n                <div class=\"elementskit-box-body ekit-image-box-body\">\n                    <div class=\"elementskit-box-content ekit-image-box-body-inner\">\n                                                <h3 class=\"elementskit-info-box-title\">\n\n                        Aventura de 7 d\u00edas en Marruecos: de Fez a Marrakech pasando por el desierto\n                        \n                    <\/h3>\n                                                            <div class=\"elementskit-box-style-content\">\n                        Descubra las ciudades imperiales de Marruecos, sus majestuosos desiertos y sus antiguos monumentos en este inolvidable viaje de 7 d\u00edas. Desde el encanto costero de Casablanca hasta la riqueza cultural de Fez y la ciudad roja de Marrakech, cada parada ofrece experiencias \u00fanicas. Pasee en camello por las doradas dunas de Merzouga, recorra las ruinas romanas de Volubilis y admire los espectaculares paisajes de la cordillera del Atlas. Este tour combina historia, aventura y cultura, perfecto para quienes buscan una experiencia marroqu\u00ed profunda y diversa.                       <\/div>\n                                    <\/div>\n\n                                <div class=\"elementskit-box-footer\">\n                    <div class=\"box-footer\">\n                        <div class=\"btn-wraper\">\n                                                            <a href=\"https:\/\/roadtodesert.com\/es\/st_tour\/aventura-de-7-dias-en-marruecos-de-fez-a-marrakech-pasando-por-el-desierto\/\" class=\"elementskit-btn whitespace--normal\">\n                                    \n                                    <svg aria-hidden=\"true\" class=\"e-font-icon-svg e-far-calendar-check\" viewBox=\"0 0 448 512\" xmlns=\"http:\/\/www.w3.org\/2000\/svg\"><path d=\"M400 64h-48V12c0-6.627-5.373-12-12-12h-40c-6.627 0-12 5.373-12 12v52H160V12c0-6.627-5.373-12-12-12h-40c-6.627 0-12 5.373-12 12v52H48C21.49 64 0 85.49 0 112v352c0 26.51 21.49 48 48 48h352c26.51 0 48-21.49 48-48V112c0-26.51-21.49-48-48-48zm-6 400H54a6 6 0 0 1-6-6V160h352v298a6 6 0 0 1-6 6zm-52.849-200.65L198.842 404.519c-4.705 4.667-12.303 4.637-16.971-.068l-75.091-75.699c-4.667-4.705-4.637-12.303.068-16.971l22.719-22.536c4.705-4.667 12.303-4.637 16.97.069l44.104 44.461 111.072-110.181c4.705-4.667 12.303-4.637 16.971.068l22.536 22.718c4.667 4.705 4.636 12.303-.069 16.97z\"><\/path><\/svg>\n                                    Haz clic para reservar                                <\/a>\n                                                        <\/div>\n                    <\/div>\n                <\/div>\n                            <\/div>\n            <\/div>\n    <\/div>\t\t\t\t<\/div>\n\t\t\t\t<\/div>\n\t\t\t\t<div class=\"elementor-element elementor-element-7167c177 ekit-equal-height-enable elementor-widget elementor-widget-elementskit-image-box\" data-id=\"7167c177\" data-element_type=\"widget\" data-e-type=\"widget\" data-widget_type=\"elementskit-image-box.default\">\n\t\t\t\t<div class=\"elementor-widget-container\">\n\t\t\t\t\t<div class=\"ekit-wid-con\" >\n            <div class=\"elementskit-info-image-box ekit-image-box text-left style-modern\" >\n\n                <a href=\"https:\/\/roadtodesert.com\/es\/st_tour\/10-dias-explorando-marruecos-de-fez-a-marrakech-pasando-por-el-desierto\/\">\n                <div class=\"elementskit-box-header image-box-img-left\">\n\n                    <img loading=\"lazy\" decoding=\"async\" width=\"500\" height=\"375\" src=\"https:\/\/roadtodesert.com\/wp-content\/uploads\/2025\/01\/kasbahs-ait-ben-haddou.jpg\" class=\"attachment-full size-full wp-image-10577\" alt=\"\" srcset=\"https:\/\/roadtodesert.com\/wp-content\/uploads\/2025\/01\/kasbahs-ait-ben-haddou.jpg 500w, https:\/\/roadtodesert.com\/wp-content\/uploads\/2025\/01\/kasbahs-ait-ben-haddou-768x576.jpg 768w\" sizes=\"(max-width: 500px) 100vw, 500px\" \/>\n                <\/div>\n                <\/a>\n                <div class=\"elementskit-box-body ekit-image-box-body\">\n                    <div class=\"elementskit-box-content ekit-image-box-body-inner\">\n                                                <h3 class=\"elementskit-info-box-title\">\n\n                        10 d\u00edas explorando Marruecos: de Fez a Marrakech pasando por el desierto\n                        \n                    <\/h3>\n                                                            <div class=\"elementskit-box-style-content\">\n                        Este tour de 10 d\u00edas de Fez a Marrakech te lleva por la cordillera del Atlas, el desierto del Sahara y las hist\u00f3ricas kasbahs. Destacan los paseos en camello en Merzouga, las gargantas del Todra y el Dades, Ait Ben Haddou y las paradas costeras en Esauira y Agadir, ofreciendo una combinaci\u00f3n perfecta de naturaleza, cultura y aventura.                     <\/div>\n                                    <\/div>\n\n                                <div class=\"elementskit-box-footer\">\n                    <div class=\"box-footer\">\n                        <div class=\"btn-wraper\">\n                                                            <a href=\"https:\/\/roadtodesert.com\/es\/st_tour\/10-dias-explorando-marruecos-de-fez-a-marrakech-pasando-por-el-desierto\/\" class=\"elementskit-btn whitespace--normal\">\n                                    \n                                    <svg aria-hidden=\"true\" class=\"e-font-icon-svg e-far-calendar-check\" viewBox=\"0 0 448 512\" xmlns=\"http:\/\/www.w3.org\/2000\/svg\"><path d=\"M400 64h-48V12c0-6.627-5.373-12-12-12h-40c-6.627 0-12 5.373-12 12v52H160V12c0-6.627-5.373-12-12-12h-40c-6.627 0-12 5.373-12 12v52H48C21.49 64 0 85.49 0 112v352c0 26.51 21.49 48 48 48h352c26.51 0 48-21.49 48-48V112c0-26.51-21.49-48-48-48zm-6 400H54a6 6 0 0 1-6-6V160h352v298a6 6 0 0 1-6 6zm-52.849-200.65L198.842 404.519c-4.705 4.667-12.303 4.637-16.971-.068l-75.091-75.699c-4.667-4.705-4.637-12.303.068-16.971l22.719-22.536c4.705-4.667 12.303-4.637 16.97.069l44.104 44.461 111.072-110.181c4.705-4.667 12.303-4.637 16.971.068l22.536 22.718c4.667 4.705 4.636 12.303-.069 16.97z\"><\/path><\/svg>\n                                    Haz clic para reservar                                <\/a>\n                                                        <\/div>\n                    <\/div>\n                <\/div>\n                            <\/div>\n            <\/div>\n    <\/div>\t\t\t\t<\/div>\n\t\t\t\t<\/div>\n\t\t\t\t<\/div>\n\t\t\t\t\t<\/div>\n\t\t\t\t<\/div>\n\t\t\t\t<\/div>\n\t\t","protected":false},"excerpt":{"rendered":"<p>Excursiones inolvidables de varios d\u00edas desde Fez Comienza tu aventura en Fez y explora los destinos m\u00e1s emblem\u00e1ticos de Marruecos. Todos los tours incluyen transporte, gu\u00edas, alojamiento y experiencias inolvidables. Excursiones inolvidables de varios d\u00edas desde Fez Comienza tu aventura en Fez y explora los destinos m\u00e1s emblem\u00e1ticos de Marruecos. Todos los tours incluyen transporte, [&hellip;]<\/p>\n","protected":false},"author":3,"featured_media":13495,"parent":0,"menu_order":0,"comment_status":"closed","ping_status":"closed","template":"elementor_header_footer","meta":{"footnotes":""},"class_list":["post-14432","page","type-page","status-publish","has-post-thumbnail","hentry"],"_links":{"self":[{"href":"https:\/\/roadtodesert.com\/es\/wp-json\/wp\/v2\/pages\/14432","targetHints":{"allow":["GET"]}}],"collection":[{"href":"https:\/\/roadtodesert.com\/es\/wp-json\/wp\/v2\/pages"}],"about":[{"href":"https:\/\/roadtodesert.com\/es\/wp-json\/wp\/v2\/types\/page"}],"author":[{"embeddable":true,"href":"https:\/\/roadtodesert.com\/es\/wp-json\/wp\/v2\/users\/3"}],"replies":[{"embeddable":true,"href":"https:\/\/roadtodesert.com\/es\/wp-json\/wp\/v2\/comments?post=14432"}],"version-history":[{"count":6,"href":"https:\/\/roadtodesert.com\/es\/wp-json\/wp\/v2\/pages\/14432\/revisions"}],"predecessor-version":[{"id":15509,"href":"https:\/\/roadtodesert.com\/es\/wp-json\/wp\/v2\/pages\/14432\/revisions\/15509"}],"wp:featuredmedia":[{"embeddable":true,"href":"https:\/\/roadtodesert.com\/es\/wp-json\/wp\/v2\/media\/13495"}],"wp:attachment":[{"href":"https:\/\/roadtodesert.com\/es\/wp-json\/wp\/v2\/media?parent=14432"}],"curies":[{"name":"wp","href":"https:\/\/api.w.org\/{rel}","templated":true}]}}