{"id":14431,"date":"2025-01-26T08:07:26","date_gmt":"2025-01-26T08:07:26","guid":{"rendered":"https:\/\/steelblue-cat-614097.hostingersite.com\/excursiones-desde-tanger\/"},"modified":"2025-05-28T00:26:15","modified_gmt":"2025-05-28T00:26:15","slug":"excursiones-desde-tanger","status":"publish","type":"page","link":"https:\/\/roadtodesert.com\/es\/excursiones-desde-tanger\/","title":{"rendered":"excursiones desde Tanger"},"content":{"rendered":"\t\t<div data-elementor-type=\"wp-page\" data-elementor-id=\"14431\" class=\"elementor elementor-14431 elementor-10600\">\n\t\t\t\t<div class=\"elementor-element elementor-element-24b2716b elementor-hidden-desktop elementor-hidden-laptop elementor-hidden-tablet e-flex e-con-boxed e-con e-parent\" data-id=\"24b2716b\" data-element_type=\"container\" data-e-type=\"container\" data-settings=\"{&quot;background_background&quot;:&quot;classic&quot;}\">\n\t\t\t\t\t<div class=\"e-con-inner\">\n\t\t\t\t<div class=\"elementor-element elementor-element-7a82fc6 elementor-widget elementor-widget-elementskit-heading\" data-id=\"7a82fc6\" data-element_type=\"widget\" data-e-type=\"widget\" data-widget_type=\"elementskit-heading.default\">\n\t\t\t\t<div class=\"elementor-widget-container\">\n\t\t\t\t\t<div class=\"ekit-wid-con\" ><div class=\"ekit-heading elementskit-section-title-wraper center   ekit_heading_tablet-   ekit_heading_mobile-\"><h2 class=\"ekit-heading--title elementskit-section-title \">Excursiones inolvidables de varios d\u00edas desde T\u00e1nger<\/h2><div class=\"ekit_heading_separetor_wraper ekit_heading_elementskit-border-divider ekit-dotted\"><div class=\"elementskit-border-divider ekit-dotted\"><\/div><\/div>\t\t\t\t<div class='ekit-heading__description'>\n\t\t\t\t\t<p class=\"\">Comienza tu aventura en Marrakech y explora los destinos m\u00e1s emblem\u00e1ticos de Marruecos. Todos los tours incluyen transporte, gu\u00edas, alojamiento y experiencias inolvidables. <\/p>\n\t\t\t\t<\/div>\n\t\t\t<\/div><\/div>\t\t\t\t<\/div>\n\t\t\t\t<\/div>\n\t\t\t\t\t<\/div>\n\t\t\t\t<\/div>\n\t\t<div class=\"elementor-element elementor-element-5d10db29 elementor-hidden-mobile e-flex e-con-boxed e-con e-parent\" data-id=\"5d10db29\" data-element_type=\"container\" data-e-type=\"container\" data-settings=\"{&quot;background_background&quot;:&quot;classic&quot;}\">\n\t\t\t\t\t<div class=\"e-con-inner\">\n\t\t\t\t<div class=\"elementor-element elementor-element-49c72364 elementor-widget elementor-widget-elementskit-heading\" data-id=\"49c72364\" data-element_type=\"widget\" data-e-type=\"widget\" data-widget_type=\"elementskit-heading.default\">\n\t\t\t\t<div class=\"elementor-widget-container\">\n\t\t\t\t\t<div class=\"ekit-wid-con\" ><div class=\"ekit-heading elementskit-section-title-wraper center   ekit_heading_tablet-   ekit_heading_mobile-\"><h2 class=\"ekit-heading--title elementskit-section-title \">Excursiones inolvidables de varios d\u00edas desde T\u00e1nger<\/h2><div class=\"ekit_heading_separetor_wraper ekit_heading_elementskit-border-divider ekit-dotted\"><div class=\"elementskit-border-divider ekit-dotted\"><\/div><\/div>\t\t\t\t<div class='ekit-heading__description'>\n\t\t\t\t\t<p class=\"\">Comienza tu aventura en Marrakech y explora los destinos m\u00e1s emblem\u00e1ticos de Marruecos. Todos los tours incluyen transporte, gu\u00edas, alojamiento y experiencias inolvidables. <\/p>\n\t\t\t\t<\/div>\n\t\t\t<\/div><\/div>\t\t\t\t<\/div>\n\t\t\t\t<\/div>\n\t\t\t\t\t<\/div>\n\t\t\t\t<\/div>\n\t\t<div class=\"elementor-element elementor-element-1513e9cc e-flex e-con-boxed e-con e-parent\" data-id=\"1513e9cc\" data-element_type=\"container\" data-e-type=\"container\" id=\"xs_team_1\">\n\t\t\t\t\t<div class=\"e-con-inner\">\n\t\t\t\t<div class=\"elementor-element elementor-element-21c8fb52 elementor-widget elementor-widget-elementskit-heading\" data-id=\"21c8fb52\" data-element_type=\"widget\" data-e-type=\"widget\" data-widget_type=\"elementskit-heading.default\">\n\t\t\t\t<div class=\"elementor-widget-container\">\n\t\t\t\t\t<div class=\"ekit-wid-con\" ><div class=\"ekit-heading elementskit-section-title-wraper center   ekit_heading_tablet-   ekit_heading_mobile-\"><h3 class=\"ekit-heading--title elementskit-section-title \">Elige tu excursi\u00f3n a continuaci\u00f3n y reserva ahora <\/h3>\t\t\t\t<div class='ekit-heading__description'>\n\t\t\t\t\t<p>\u00a1Tu viaje a Marruecos comienza aqu\u00ed! \ud83d\udc47<\/p>\n\t\t\t\t<\/div>\n\t\t\t<div class=\"ekit_heading_separetor_wraper ekit_heading_elementskit-border-divider ekit-dotted\"><div class=\"elementskit-border-divider ekit-dotted\"><\/div><\/div><\/div><\/div>\t\t\t\t<\/div>\n\t\t\t\t<\/div>\n\t\t\t\t\t<\/div>\n\t\t\t\t<\/div>\n\t\t<div class=\"elementor-element elementor-element-ab954a0 e-flex e-con-boxed e-con e-parent\" data-id=\"ab954a0\" data-element_type=\"container\" data-e-type=\"container\">\n\t\t\t\t\t<div class=\"e-con-inner\">\n\t\t<div class=\"elementor-element elementor-element-e3a1e15 e-con-full e-grid e-con e-child\" data-id=\"e3a1e15\" data-element_type=\"container\" data-e-type=\"container\">\n\t\t\t\t<div class=\"elementor-element elementor-element-4347f8fb ekit-equal-height-enable elementor-widget elementor-widget-elementskit-image-box\" data-id=\"4347f8fb\" data-element_type=\"widget\" data-e-type=\"widget\" data-widget_type=\"elementskit-image-box.default\">\n\t\t\t\t<div class=\"elementor-widget-container\">\n\t\t\t\t\t<div class=\"ekit-wid-con\" >\n            <div class=\"elementskit-info-image-box ekit-image-box text-left style-modern\" >\n\n                <a href=\"https:\/\/roadtodesert.com\/es\/st_tour\/itinerario-de-5-dias-por-marruecos-descubrir-las-joyas-del-norte\/\">\n                <div class=\"elementskit-box-header image-box-img-left\">\n\n                    <img fetchpriority=\"high\" decoding=\"async\" width=\"1080\" height=\"1080\" src=\"https:\/\/roadtodesert.com\/wp-content\/uploads\/2025\/05\/Morocco_ChefchouenAerial_Zzvet-iStock-473937070.webp\" class=\"attachment-full size-full wp-image-15188\" alt=\"\" srcset=\"https:\/\/roadtodesert.com\/wp-content\/uploads\/2025\/05\/Morocco_ChefchouenAerial_Zzvet-iStock-473937070.webp 1080w, https:\/\/roadtodesert.com\/wp-content\/uploads\/2025\/05\/Morocco_ChefchouenAerial_Zzvet-iStock-473937070-300x300.webp 300w, https:\/\/roadtodesert.com\/wp-content\/uploads\/2025\/05\/Morocco_ChefchouenAerial_Zzvet-iStock-473937070-1024x1024.webp 1024w, https:\/\/roadtodesert.com\/wp-content\/uploads\/2025\/05\/Morocco_ChefchouenAerial_Zzvet-iStock-473937070-150x150.webp 150w, https:\/\/roadtodesert.com\/wp-content\/uploads\/2025\/05\/Morocco_ChefchouenAerial_Zzvet-iStock-473937070-768x768.webp 768w, https:\/\/roadtodesert.com\/wp-content\/uploads\/2025\/05\/Morocco_ChefchouenAerial_Zzvet-iStock-473937070-1536x1536.webp 1536w, https:\/\/roadtodesert.com\/wp-content\/uploads\/2025\/05\/Morocco_ChefchouenAerial_Zzvet-iStock-473937070-2048x2048.webp 2048w\" sizes=\"(max-width: 1080px) 100vw, 1080px\" \/>\n                <\/div>\n                <\/a>\n                <div class=\"elementskit-box-body ekit-image-box-body\">\n                    <div class=\"elementskit-box-content ekit-image-box-body-inner\">\n                                                <h3 class=\"elementskit-info-box-title\">\n\n                        Itinerario de 5 d\u00edas por Marruecos: Descubrir las joyas del Norte\n                        \n                    <\/h3>\n                                                            <div class=\"elementskit-box-style-content\">\n                        Este viaje de 5 d\u00edas comienza en T\u00e1nger, f\u00e1cilmente accesible en vuelos internacionales y transbordadores desde Espa\u00f1a, y explora los lugares m\u00e1s destacados del norte de Marruecos: Chechenia, Tetu\u00e1n, Asilah y la ciudad imperial de Fez.                    <\/div>\n                                    <\/div>\n\n                                <div class=\"elementskit-box-footer\">\n                    <div class=\"box-footer\">\n                        <div class=\"btn-wraper\">\n                                                            <a href=\"https:\/\/roadtodesert.com\/es\/st_tour\/itinerario-de-5-dias-por-marruecos-descubrir-las-joyas-del-norte\/\" class=\"elementskit-btn whitespace--normal\">\n                                    \n                                    <svg aria-hidden=\"true\" class=\"e-font-icon-svg e-far-calendar-check\" viewBox=\"0 0 448 512\" xmlns=\"http:\/\/www.w3.org\/2000\/svg\"><path d=\"M400 64h-48V12c0-6.627-5.373-12-12-12h-40c-6.627 0-12 5.373-12 12v52H160V12c0-6.627-5.373-12-12-12h-40c-6.627 0-12 5.373-12 12v52H48C21.49 64 0 85.49 0 112v352c0 26.51 21.49 48 48 48h352c26.51 0 48-21.49 48-48V112c0-26.51-21.49-48-48-48zm-6 400H54a6 6 0 0 1-6-6V160h352v298a6 6 0 0 1-6 6zm-52.849-200.65L198.842 404.519c-4.705 4.667-12.303 4.637-16.971-.068l-75.091-75.699c-4.667-4.705-4.637-12.303.068-16.971l22.719-22.536c4.705-4.667 12.303-4.637 16.97.069l44.104 44.461 111.072-110.181c4.705-4.667 12.303-4.637 16.971.068l22.536 22.718c4.667 4.705 4.636 12.303-.069 16.97z\"><\/path><\/svg>\n                                    Haz clic para reservar                                <\/a>\n                                                        <\/div>\n                    <\/div>\n                <\/div>\n                            <\/div>\n            <\/div>\n    <\/div>\t\t\t\t<\/div>\n\t\t\t\t<\/div>\n\t\t\t\t<div class=\"elementor-element elementor-element-2c3cfaff ekit-equal-height-enable elementor-widget elementor-widget-elementskit-image-box\" data-id=\"2c3cfaff\" data-element_type=\"widget\" data-e-type=\"widget\" data-widget_type=\"elementskit-image-box.default\">\n\t\t\t\t<div class=\"elementor-widget-container\">\n\t\t\t\t\t<div class=\"ekit-wid-con\" >\n            <div class=\"elementskit-info-image-box ekit-image-box text-left style-modern\" >\n\n                <a href=\"https:\/\/roadtodesert.com\/es\/st_tour\/ruta-de-7-dias-por-las-montanas-del-rif-y-el-patrimonio-andaluz\/\">\n                <div class=\"elementskit-box-header image-box-img-left\">\n\n                    <img decoding=\"async\" width=\"840\" height=\"560\" src=\"https:\/\/roadtodesert.com\/wp-content\/uploads\/2025\/05\/tanger.jpg\" class=\"attachment-full size-full wp-image-15192\" alt=\"\" srcset=\"https:\/\/roadtodesert.com\/wp-content\/uploads\/2025\/05\/tanger.jpg 840w, https:\/\/roadtodesert.com\/wp-content\/uploads\/2025\/05\/tanger-768x512.jpg 768w\" sizes=\"(max-width: 840px) 100vw, 840px\" \/>\n                <\/div>\n                <\/a>\n                <div class=\"elementskit-box-body ekit-image-box-body\">\n                    <div class=\"elementskit-box-content ekit-image-box-body-inner\">\n                                                <h3 class=\"elementskit-info-box-title\">\n\n                        Ruta de 7 d\u00edas por las Monta\u00f1as del Rif y el Patrimonio Andaluz\n                        \n                    <\/h3>\n                                                            <div class=\"elementskit-box-style-content\">\n                        Este recorrido por las monta\u00f1as del Rif combina la herencia andaluza y bereber de Marruecos, con visitas a T\u00e1nger, Arcila, Tetu\u00e1n y Chefchaouen. Ideal para el verano, ofrece un itinerario flexible y personalizable, rico en historia, naturaleza y cultura.                     <\/div>\n                                    <\/div>\n\n                                <div class=\"elementskit-box-footer\">\n                    <div class=\"box-footer\">\n                        <div class=\"btn-wraper\">\n                                                            <a href=\"https:\/\/roadtodesert.com\/es\/st_tour\/ruta-de-7-dias-por-las-montanas-del-rif-y-el-patrimonio-andaluz\/\" class=\"elementskit-btn whitespace--normal\">\n                                    \n                                    <svg aria-hidden=\"true\" class=\"e-font-icon-svg e-far-calendar-check\" viewBox=\"0 0 448 512\" xmlns=\"http:\/\/www.w3.org\/2000\/svg\"><path d=\"M400 64h-48V12c0-6.627-5.373-12-12-12h-40c-6.627 0-12 5.373-12 12v52H160V12c0-6.627-5.373-12-12-12h-40c-6.627 0-12 5.373-12 12v52H48C21.49 64 0 85.49 0 112v352c0 26.51 21.49 48 48 48h352c26.51 0 48-21.49 48-48V112c0-26.51-21.49-48-48-48zm-6 400H54a6 6 0 0 1-6-6V160h352v298a6 6 0 0 1-6 6zm-52.849-200.65L198.842 404.519c-4.705 4.667-12.303 4.637-16.971-.068l-75.091-75.699c-4.667-4.705-4.637-12.303.068-16.971l22.719-22.536c4.705-4.667 12.303-4.637 16.97.069l44.104 44.461 111.072-110.181c4.705-4.667 12.303-4.637 16.971.068l22.536 22.718c4.667 4.705 4.636 12.303-.069 16.97z\"><\/path><\/svg>\n                                    Haz clic para reservar                                <\/a>\n                                                        <\/div>\n                    <\/div>\n                <\/div>\n                            <\/div>\n            <\/div>\n    <\/div>\t\t\t\t<\/div>\n\t\t\t\t<\/div>\n\t\t\t\t<div class=\"elementor-element elementor-element-72f605db ekit-equal-height-enable elementor-widget elementor-widget-elementskit-image-box\" data-id=\"72f605db\" data-element_type=\"widget\" data-e-type=\"widget\" data-widget_type=\"elementskit-image-box.default\">\n\t\t\t\t<div class=\"elementor-widget-container\">\n\t\t\t\t\t<div class=\"ekit-wid-con\" >\n            <div class=\"elementskit-info-image-box ekit-image-box text-left style-modern\" >\n\n                <a href=\"https:\/\/roadtodesert.com\/es\/st_tour\/7-day-morocco-tour-from-tangier-to-marrakech\/\">\n                <div class=\"elementskit-box-header image-box-img-left\">\n\n                    <img decoding=\"async\" width=\"2560\" height=\"1658\" src=\"https:\/\/roadtodesert.com\/wp-content\/uploads\/2025\/05\/merzouga_village.jpg\" class=\"attachment-full size-full wp-image-15141\" alt=\"\" srcset=\"https:\/\/roadtodesert.com\/wp-content\/uploads\/2025\/05\/merzouga_village.jpg 2560w, https:\/\/roadtodesert.com\/wp-content\/uploads\/2025\/05\/merzouga_village-768x497.jpg 768w, https:\/\/roadtodesert.com\/wp-content\/uploads\/2025\/05\/merzouga_village-600x388.jpg 600w\" sizes=\"(max-width: 2560px) 100vw, 2560px\" \/>\n                <\/div>\n                <\/a>\n                <div class=\"elementskit-box-body ekit-image-box-body\">\n                    <div class=\"elementskit-box-content ekit-image-box-body-inner\">\n                                                <h3 class=\"elementskit-info-box-title\">\n\n                        Tour de 7 d\u00edas por Marruecos desde T\u00e1nger a Marrakech\n                        \n                    <\/h3>\n                                                            <div class=\"elementskit-box-style-content\">\n                        Este tour de 7 d\u00edas por Marruecos te lleva en un fascinante viaje de T\u00e1nger a Marrakech, que combina cultura, naturaleza y aventura. Descubre las calles azules de Chefchaouen, la antigua medina de Fez y las ruinas romanas de Volubilis. Recorre el Atlas Medio, descubre bosques de cedros y pueblos bereberes, y disfruta de una traves\u00eda en camello por el desierto del S\u00e1hara con una noche bajo las estrellas. Marav\u00edllate con los espectaculares paisajes de las gargantas del Todra y el Dades, visita el emblem\u00e1tico Ait Ben Haddou y culmina tu aventura explorando los vibrantes zocos y palacios de Marrakech.                       <\/div>\n                                    <\/div>\n\n                                <div class=\"elementskit-box-footer\">\n                    <div class=\"box-footer\">\n                        <div class=\"btn-wraper\">\n                                                            <a href=\"https:\/\/roadtodesert.com\/es\/st_tour\/7-day-morocco-tour-from-tangier-to-marrakech\/\" class=\"elementskit-btn whitespace--normal\">\n                                    \n                                    <svg aria-hidden=\"true\" class=\"e-font-icon-svg e-far-calendar-check\" viewBox=\"0 0 448 512\" xmlns=\"http:\/\/www.w3.org\/2000\/svg\"><path d=\"M400 64h-48V12c0-6.627-5.373-12-12-12h-40c-6.627 0-12 5.373-12 12v52H160V12c0-6.627-5.373-12-12-12h-40c-6.627 0-12 5.373-12 12v52H48C21.49 64 0 85.49 0 112v352c0 26.51 21.49 48 48 48h352c26.51 0 48-21.49 48-48V112c0-26.51-21.49-48-48-48zm-6 400H54a6 6 0 0 1-6-6V160h352v298a6 6 0 0 1-6 6zm-52.849-200.65L198.842 404.519c-4.705 4.667-12.303 4.637-16.971-.068l-75.091-75.699c-4.667-4.705-4.637-12.303.068-16.971l22.719-22.536c4.705-4.667 12.303-4.637 16.97.069l44.104 44.461 111.072-110.181c4.705-4.667 12.303-4.637 16.971.068l22.536 22.718c4.667 4.705 4.636 12.303-.069 16.97z\"><\/path><\/svg>\n                                    Haz clic para reservar                                <\/a>\n                                                        <\/div>\n                    <\/div>\n                <\/div>\n                            <\/div>\n            <\/div>\n    <\/div>\t\t\t\t<\/div>\n\t\t\t\t<\/div>\n\t\t\t\t<div class=\"elementor-element elementor-element-d0de60c ekit-equal-height-enable elementor-widget elementor-widget-elementskit-image-box\" data-id=\"d0de60c\" data-element_type=\"widget\" data-e-type=\"widget\" data-widget_type=\"elementskit-image-box.default\">\n\t\t\t\t<div class=\"elementor-widget-container\">\n\t\t\t\t\t<div class=\"ekit-wid-con\" >\n            <div class=\"elementskit-info-image-box ekit-image-box text-left style-modern\" >\n\n                <a href=\"https:\/\/roadtodesert.com\/es\/st_tour\/10-days-exploring-moroccos-best-from-tangier-to-marrakech\/\">\n                <div class=\"elementskit-box-header image-box-img-left\">\n\n                    <img decoding=\"async\" src=\"https:\/\/roadtodesert.com\/wp-content\/uploads\/2025\/05\/28f702f6e71c07d2.avif\" class=\"attachment-full size-full wp-image-15119\" alt=\"\" \/>\n                <\/div>\n                <\/a>\n                <div class=\"elementskit-box-body ekit-image-box-body\">\n                    <div class=\"elementskit-box-content ekit-image-box-body-inner\">\n                                                <h3 class=\"elementskit-info-box-title\">\n\n                        10 d\u00edas explorando lo mejor de Marruecos: de T\u00e1nger a Marrakech\n                        \n                    <\/h3>\n                                                            <div class=\"elementskit-box-style-content\">\n                        Experimenta la rica cultura, historia y belleza natural de Marruecos en s\u00f3lo 8 d\u00edas. Visita las ciudades imperiales de Rabat, Meknes, Fez y Marrakech, explora las ruinas romanas de Volubilis y el emblem\u00e1tico Ait Ben Haddou. \n\nDisfruta del sorprendente contraste entre las dunas doradas de Merzouga y el verdor del Parque Nacional de Ifrane, con paradas panor\u00e1micas en las Gargantas del Todra y el Valle del Dades.\n\nEl viaje comienza en Casablanca y termina en Marrakech, con desplazamiento en veh\u00edculo privado de alta gama y conductor profesional para el m\u00e1ximo confort.                    <\/div>\n                                    <\/div>\n\n                                <div class=\"elementskit-box-footer\">\n                    <div class=\"box-footer\">\n                        <div class=\"btn-wraper\">\n                                                            <a href=\"https:\/\/roadtodesert.com\/es\/st_tour\/10-days-exploring-moroccos-best-from-tangier-to-marrakech\/\" class=\"elementskit-btn whitespace--normal\">\n                                    \n                                    <svg aria-hidden=\"true\" class=\"e-font-icon-svg e-far-calendar-check\" viewBox=\"0 0 448 512\" xmlns=\"http:\/\/www.w3.org\/2000\/svg\"><path d=\"M400 64h-48V12c0-6.627-5.373-12-12-12h-40c-6.627 0-12 5.373-12 12v52H160V12c0-6.627-5.373-12-12-12h-40c-6.627 0-12 5.373-12 12v52H48C21.49 64 0 85.49 0 112v352c0 26.51 21.49 48 48 48h352c26.51 0 48-21.49 48-48V112c0-26.51-21.49-48-48-48zm-6 400H54a6 6 0 0 1-6-6V160h352v298a6 6 0 0 1-6 6zm-52.849-200.65L198.842 404.519c-4.705 4.667-12.303 4.637-16.971-.068l-75.091-75.699c-4.667-4.705-4.637-12.303.068-16.971l22.719-22.536c4.705-4.667 12.303-4.637 16.97.069l44.104 44.461 111.072-110.181c4.705-4.667 12.303-4.637 16.971.068l22.536 22.718c4.667 4.705 4.636 12.303-.069 16.97z\"><\/path><\/svg>\n                                    Haz clic para reservar                                <\/a>\n                                                        <\/div>\n                    <\/div>\n                <\/div>\n                            <\/div>\n            <\/div>\n    <\/div>\t\t\t\t<\/div>\n\t\t\t\t<\/div>\n\t\t\t\t<div class=\"elementor-element elementor-element-5f88a642 ekit-equal-height-enable elementor-widget elementor-widget-elementskit-image-box\" data-id=\"5f88a642\" data-element_type=\"widget\" data-e-type=\"widget\" data-widget_type=\"elementskit-image-box.default\">\n\t\t\t\t<div class=\"elementor-widget-container\">\n\t\t\t\t\t<div class=\"ekit-wid-con\" >\n            <div class=\"elementskit-info-image-box ekit-image-box text-left style-modern\" >\n\n                <a href=\"https:\/\/roadtodesert.com\/es\/st_tour\/itinerario-de-11-dias-por-marruecos-de-tanger-a-las-maravillas-de-marruecos\/\">\n                <div class=\"elementskit-box-header image-box-img-left\">\n\n                    <img loading=\"lazy\" decoding=\"async\" width=\"1200\" height=\"675\" src=\"https:\/\/roadtodesert.com\/wp-content\/uploads\/2025\/05\/Fez-Cultural-1200x675-1.webp\" class=\"attachment-full size-full wp-image-15131\" alt=\"\" srcset=\"https:\/\/roadtodesert.com\/wp-content\/uploads\/2025\/05\/Fez-Cultural-1200x675-1.webp 1200w, https:\/\/roadtodesert.com\/wp-content\/uploads\/2025\/05\/Fez-Cultural-1200x675-1-768x432.webp 768w, https:\/\/roadtodesert.com\/wp-content\/uploads\/2025\/05\/Fez-Cultural-1200x675-1-600x337.webp 600w\" sizes=\"(max-width: 1200px) 100vw, 1200px\" \/>\n                <\/div>\n                <\/a>\n                <div class=\"elementskit-box-body ekit-image-box-body\">\n                    <div class=\"elementskit-box-content ekit-image-box-body-inner\">\n                                                <h3 class=\"elementskit-info-box-title\">\n\n                        Itinerario de 11 d\u00edas por Marruecos: De T\u00e1nger a las Maravillas de Marruecos\n                        \n                    <\/h3>\n                                                            <div class=\"elementskit-box-style-content\">\n                        Esta aventura marroqu\u00ed de 11 d\u00edas te lleva desde el encanto costero de T\u00e1nger y las calles azules de Chefchaouen hasta la grandeza imperial de Fez y las dunas doradas del S\u00e1hara. Admira las ruinas romanas de Volubilis, recorre las gargantas del Todra, explora la espectacular Ait Ben Haddou y sum\u00e9rgete en la vibrante energ\u00eda de Marrakech antes de finalizar con joyas costeras como Casablanca y Arcila: una mezcla perfecta de cultura, historia y paisajes impresionantes.                     <\/div>\n                                    <\/div>\n\n                                <div class=\"elementskit-box-footer\">\n                    <div class=\"box-footer\">\n                        <div class=\"btn-wraper\">\n                                                            <a href=\"https:\/\/roadtodesert.com\/es\/st_tour\/itinerario-de-11-dias-por-marruecos-de-tanger-a-las-maravillas-de-marruecos\/\" class=\"elementskit-btn whitespace--normal\">\n                                    \n                                    <svg aria-hidden=\"true\" class=\"e-font-icon-svg e-far-calendar-check\" viewBox=\"0 0 448 512\" xmlns=\"http:\/\/www.w3.org\/2000\/svg\"><path d=\"M400 64h-48V12c0-6.627-5.373-12-12-12h-40c-6.627 0-12 5.373-12 12v52H160V12c0-6.627-5.373-12-12-12h-40c-6.627 0-12 5.373-12 12v52H48C21.49 64 0 85.49 0 112v352c0 26.51 21.49 48 48 48h352c26.51 0 48-21.49 48-48V112c0-26.51-21.49-48-48-48zm-6 400H54a6 6 0 0 1-6-6V160h352v298a6 6 0 0 1-6 6zm-52.849-200.65L198.842 404.519c-4.705 4.667-12.303 4.637-16.971-.068l-75.091-75.699c-4.667-4.705-4.637-12.303.068-16.971l22.719-22.536c4.705-4.667 12.303-4.637 16.97.069l44.104 44.461 111.072-110.181c4.705-4.667 12.303-4.637 16.971.068l22.536 22.718c4.667 4.705 4.636 12.303-.069 16.97z\"><\/path><\/svg>\n                                    Haz clic para reservar                                <\/a>\n                                                        <\/div>\n                    <\/div>\n                <\/div>\n                            <\/div>\n            <\/div>\n    <\/div>\t\t\t\t<\/div>\n\t\t\t\t<\/div>\n\t\t\t\t<\/div>\n\t\t\t\t\t<\/div>\n\t\t\t\t<\/div>\n\t\t\t\t<\/div>\n\t\t","protected":false},"excerpt":{"rendered":"<p>Excursiones inolvidables de varios d\u00edas desde T\u00e1nger Comienza tu aventura en Marrakech y explora los destinos m\u00e1s emblem\u00e1ticos de Marruecos. Todos los tours incluyen transporte, gu\u00edas, alojamiento y experiencias inolvidables. Excursiones inolvidables de varios d\u00edas desde T\u00e1nger Comienza tu aventura en Marrakech y explora los destinos m\u00e1s emblem\u00e1ticos de Marruecos. Todos los tours incluyen transporte, [&hellip;]<\/p>\n","protected":false},"author":3,"featured_media":13446,"parent":0,"menu_order":0,"comment_status":"closed","ping_status":"closed","template":"elementor_header_footer","meta":{"footnotes":""},"class_list":["post-14431","page","type-page","status-publish","has-post-thumbnail","hentry"],"_links":{"self":[{"href":"https:\/\/roadtodesert.com\/es\/wp-json\/wp\/v2\/pages\/14431","targetHints":{"allow":["GET"]}}],"collection":[{"href":"https:\/\/roadtodesert.com\/es\/wp-json\/wp\/v2\/pages"}],"about":[{"href":"https:\/\/roadtodesert.com\/es\/wp-json\/wp\/v2\/types\/page"}],"author":[{"embeddable":true,"href":"https:\/\/roadtodesert.com\/es\/wp-json\/wp\/v2\/users\/3"}],"replies":[{"embeddable":true,"href":"https:\/\/roadtodesert.com\/es\/wp-json\/wp\/v2\/comments?post=14431"}],"version-history":[{"count":6,"href":"https:\/\/roadtodesert.com\/es\/wp-json\/wp\/v2\/pages\/14431\/revisions"}],"predecessor-version":[{"id":15584,"href":"https:\/\/roadtodesert.com\/es\/wp-json\/wp\/v2\/pages\/14431\/revisions\/15584"}],"wp:featuredmedia":[{"embeddable":true,"href":"https:\/\/roadtodesert.com\/es\/wp-json\/wp\/v2\/media\/13446"}],"wp:attachment":[{"href":"https:\/\/roadtodesert.com\/es\/wp-json\/wp\/v2\/media?parent=14431"}],"curies":[{"name":"wp","href":"https:\/\/api.w.org\/{rel}","templated":true}]}}