{"id":14423,"date":"2025-01-26T08:07:54","date_gmt":"2025-01-26T08:07:54","guid":{"rendered":"https:\/\/steelblue-cat-614097.hostingersite.com\/viajes-desde-casablanca\/"},"modified":"2025-06-09T12:54:44","modified_gmt":"2025-06-09T12:54:44","slug":"viajes-desde-casablanca","status":"publish","type":"page","link":"https:\/\/roadtodesert.com\/es\/viajes-desde-casablanca\/","title":{"rendered":"viajes desde Casablanca"},"content":{"rendered":"\t\t<div data-elementor-type=\"wp-page\" data-elementor-id=\"14423\" class=\"elementor elementor-14423 elementor-10602\">\n\t\t\t\t<div class=\"elementor-element elementor-element-7391084c elementor-hidden-desktop elementor-hidden-laptop elementor-hidden-tablet e-flex e-con-boxed e-con e-parent\" data-id=\"7391084c\" data-element_type=\"container\" data-e-type=\"container\" data-settings=\"{&quot;background_background&quot;:&quot;classic&quot;}\">\n\t\t\t\t\t<div class=\"e-con-inner\">\n\t\t\t\t<div class=\"elementor-element elementor-element-4050734a elementor-widget elementor-widget-elementskit-heading\" data-id=\"4050734a\" data-element_type=\"widget\" data-e-type=\"widget\" data-widget_type=\"elementskit-heading.default\">\n\t\t\t\t<div class=\"elementor-widget-container\">\n\t\t\t\t\t<div class=\"ekit-wid-con\" ><div class=\"ekit-heading elementskit-section-title-wraper center   ekit_heading_tablet-   ekit_heading_mobile-\"><h1 class=\"ekit-heading--title elementskit-section-title \">Tours memorables desde Casablanca<\/h1><div class=\"ekit_heading_separetor_wraper ekit_heading_elementskit-border-divider ekit-dotted\"><div class=\"elementskit-border-divider ekit-dotted\"><\/div><\/div>\t\t\t\t<div class='ekit-heading__description'>\n\t\t\t\t\t<p class=\"\">Comienza tu aventura en Casablanca y explora los destinos m\u00e1s emblem\u00e1ticos de Marruecos. Todos los tours incluyen transporte, gu\u00edas, alojamiento y experiencias inolvidables. <\/p>\n\t\t\t\t<\/div>\n\t\t\t<\/div><\/div>\t\t\t\t<\/div>\n\t\t\t\t<\/div>\n\t\t\t\t\t<\/div>\n\t\t\t\t<\/div>\n\t\t<div class=\"elementor-element elementor-element-35a6ac7e elementor-hidden-mobile e-flex e-con-boxed e-con e-parent\" data-id=\"35a6ac7e\" data-element_type=\"container\" data-e-type=\"container\" data-settings=\"{&quot;background_background&quot;:&quot;classic&quot;}\">\n\t\t\t\t\t<div class=\"e-con-inner\">\n\t\t\t\t<div class=\"elementor-element elementor-element-416eb77a elementor-widget elementor-widget-elementskit-heading\" data-id=\"416eb77a\" data-element_type=\"widget\" data-e-type=\"widget\" data-widget_type=\"elementskit-heading.default\">\n\t\t\t\t<div class=\"elementor-widget-container\">\n\t\t\t\t\t<div class=\"ekit-wid-con\" ><div class=\"ekit-heading elementskit-section-title-wraper center   ekit_heading_tablet-   ekit_heading_mobile-\"><h2 class=\"ekit-heading--title elementskit-section-title \">Excursiones inolvidables de varios d\u00edas desde Casablanca<\/h2><div class=\"ekit_heading_separetor_wraper ekit_heading_elementskit-border-divider ekit-dotted\"><div class=\"elementskit-border-divider ekit-dotted\"><\/div><\/div>\t\t\t\t<div class='ekit-heading__description'>\n\t\t\t\t\t<p class=\"\">Comienza tu aventura en Casablanca y explora los destinos m\u00e1s emblem\u00e1ticos de Marruecos. Todos los tours incluyen transporte, gu\u00edas, alojamiento y experiencias inolvidables. <\/p>\n\t\t\t\t<\/div>\n\t\t\t<\/div><\/div>\t\t\t\t<\/div>\n\t\t\t\t<\/div>\n\t\t\t\t\t<\/div>\n\t\t\t\t<\/div>\n\t\t<div class=\"elementor-element elementor-element-7471e8e1 e-flex e-con-boxed e-con e-parent\" data-id=\"7471e8e1\" data-element_type=\"container\" data-e-type=\"container\" id=\"xs_team_1\">\n\t\t\t\t\t<div class=\"e-con-inner\">\n\t\t\t\t<div class=\"elementor-element elementor-element-27c0cf3f elementor-widget elementor-widget-elementskit-heading\" data-id=\"27c0cf3f\" data-element_type=\"widget\" data-e-type=\"widget\" data-widget_type=\"elementskit-heading.default\">\n\t\t\t\t<div class=\"elementor-widget-container\">\n\t\t\t\t\t<div class=\"ekit-wid-con\" ><div class=\"ekit-heading elementskit-section-title-wraper center   ekit_heading_tablet-   ekit_heading_mobile-\"><h3 class=\"ekit-heading--title elementskit-section-title \">Elige tu excursi\u00f3n a continuaci\u00f3n y reserva ahora <\/h3>\t\t\t\t<div class='ekit-heading__description'>\n\t\t\t\t\t<p>\u00a1Tu viaje a Marruecos comienza aqu\u00ed! \ud83d\udc47<\/p>\n\t\t\t\t<\/div>\n\t\t\t<div class=\"ekit_heading_separetor_wraper ekit_heading_elementskit-border-divider ekit-dotted\"><div class=\"elementskit-border-divider ekit-dotted\"><\/div><\/div><\/div><\/div>\t\t\t\t<\/div>\n\t\t\t\t<\/div>\n\t\t\t\t\t<\/div>\n\t\t\t\t<\/div>\n\t\t<div class=\"elementor-element elementor-element-5c00e658 e-flex e-con-boxed e-con e-parent\" data-id=\"5c00e658\" data-element_type=\"container\" data-e-type=\"container\">\n\t\t\t\t\t<div class=\"e-con-inner\">\n\t\t<div class=\"elementor-element elementor-element-65727ab5 e-con-full e-grid e-con e-child\" data-id=\"65727ab5\" data-element_type=\"container\" data-e-type=\"container\">\n\t\t\t\t<div class=\"elementor-element elementor-element-7cc854c3 ekit-equal-height-enable elementor-widget elementor-widget-elementskit-image-box\" data-id=\"7cc854c3\" data-element_type=\"widget\" data-e-type=\"widget\" data-widget_type=\"elementskit-image-box.default\">\n\t\t\t\t<div class=\"elementor-widget-container\">\n\t\t\t\t\t<div class=\"ekit-wid-con\" >\n            <div class=\"elementskit-info-image-box ekit-image-box text-left style-modern\" >\n\n                <a href=\"https:\/\/roadtodesert.com\/es\/st_tour\/6-day-tour-from-casablanca-through-the-imperial-cities-of-morocco\/\">\n                <div class=\"elementskit-box-header image-box-img-left\">\n\n                    <img fetchpriority=\"high\" decoding=\"async\" width=\"1024\" height=\"1024\" src=\"https:\/\/roadtodesert.com\/wp-content\/uploads\/2025\/06\/3e7f3f6046-1024x1024.jpg\" class=\"attachment-large size-large wp-image-15638\" alt=\"\" srcset=\"https:\/\/roadtodesert.com\/wp-content\/uploads\/2025\/06\/3e7f3f6046-1024x1024.jpg 1024w, https:\/\/roadtodesert.com\/wp-content\/uploads\/2025\/06\/3e7f3f6046-300x300.jpg 300w, https:\/\/roadtodesert.com\/wp-content\/uploads\/2025\/06\/3e7f3f6046-150x150.jpg 150w, https:\/\/roadtodesert.com\/wp-content\/uploads\/2025\/06\/3e7f3f6046-1536x1536.jpg 1536w, https:\/\/roadtodesert.com\/wp-content\/uploads\/2025\/06\/3e7f3f6046-2048x2048.jpg 2048w\" sizes=\"(max-width: 1024px) 100vw, 1024px\" \/>\n                <\/div>\n                <\/a>\n                <div class=\"elementskit-box-body ekit-image-box-body\">\n                    <div class=\"elementskit-box-content ekit-image-box-body-inner\">\n                                                <h3 class=\"elementskit-info-box-title\">\n\n                        Tour de 6 d\u00edas desde Casablanca por las ciudades imperiales de Marruecos\n                        \n                    <\/h3>\n                                                            <div class=\"elementskit-box-style-content\">\n                        Emb\u00e1rcate en un viaje de 6 d\u00edas desde Casablanca a Marrakech, explorando Rabat, Mequinez, Fez y Marrakech. Visita la Mezquita de Hassan II, las ruinas de Volubilis, la medina de Fez y los vibrantes zocos, guiado por expertos locales.                     <\/div>\n                                    <\/div>\n\n                                <div class=\"elementskit-box-footer\">\n                    <div class=\"box-footer\">\n                        <div class=\"btn-wraper\">\n                                                            <a href=\"https:\/\/roadtodesert.com\/es\/st_tour\/6-day-tour-from-casablanca-through-the-imperial-cities-of-morocco\/\" class=\"elementskit-btn whitespace--normal\">\n                                    \n                                    <svg aria-hidden=\"true\" class=\"e-font-icon-svg e-far-calendar-check\" viewBox=\"0 0 448 512\" xmlns=\"http:\/\/www.w3.org\/2000\/svg\"><path d=\"M400 64h-48V12c0-6.627-5.373-12-12-12h-40c-6.627 0-12 5.373-12 12v52H160V12c0-6.627-5.373-12-12-12h-40c-6.627 0-12 5.373-12 12v52H48C21.49 64 0 85.49 0 112v352c0 26.51 21.49 48 48 48h352c26.51 0 48-21.49 48-48V112c0-26.51-21.49-48-48-48zm-6 400H54a6 6 0 0 1-6-6V160h352v298a6 6 0 0 1-6 6zm-52.849-200.65L198.842 404.519c-4.705 4.667-12.303 4.637-16.971-.068l-75.091-75.699c-4.667-4.705-4.637-12.303.068-16.971l22.719-22.536c4.705-4.667 12.303-4.637 16.97.069l44.104 44.461 111.072-110.181c4.705-4.667 12.303-4.637 16.971.068l22.536 22.718c4.667 4.705 4.636 12.303-.069 16.97z\"><\/path><\/svg>\n                                    Haz clic para reservar                                <\/a>\n                                                        <\/div>\n                    <\/div>\n                <\/div>\n                            <\/div>\n            <\/div>\n    <\/div>\t\t\t\t<\/div>\n\t\t\t\t<\/div>\n\t\t\t\t<div class=\"elementor-element elementor-element-a5b1247 ekit-equal-height-enable elementor-widget elementor-widget-elementskit-image-box\" data-id=\"a5b1247\" data-element_type=\"widget\" data-e-type=\"widget\" data-widget_type=\"elementskit-image-box.default\">\n\t\t\t\t<div class=\"elementor-widget-container\">\n\t\t\t\t\t<div class=\"ekit-wid-con\" >\n            <div class=\"elementskit-info-image-box ekit-image-box text-left style-modern\" >\n\n                <a href=\"https:\/\/roadtodesert.com\/es\/st_tour\/7-day-imperial-cities-tour-from-casablanca\/\">\n                <div class=\"elementskit-box-header image-box-img-left\">\n\n                    <img decoding=\"async\" width=\"1024\" height=\"1024\" src=\"https:\/\/roadtodesert.com\/wp-content\/uploads\/2025\/05\/marketplace-Jamaa-el-Fna-square-Morocco-Marrakech-1024x1024.webp\" class=\"attachment-large size-large wp-image-15135\" alt=\"\" srcset=\"https:\/\/roadtodesert.com\/wp-content\/uploads\/2025\/05\/marketplace-Jamaa-el-Fna-square-Morocco-Marrakech-1024x1024.webp 1024w, https:\/\/roadtodesert.com\/wp-content\/uploads\/2025\/05\/marketplace-Jamaa-el-Fna-square-Morocco-Marrakech-300x300.webp 300w, https:\/\/roadtodesert.com\/wp-content\/uploads\/2025\/05\/marketplace-Jamaa-el-Fna-square-Morocco-Marrakech-150x150.webp 150w, https:\/\/roadtodesert.com\/wp-content\/uploads\/2025\/05\/marketplace-Jamaa-el-Fna-square-Morocco-Marrakech-1536x1536.webp 1536w, https:\/\/roadtodesert.com\/wp-content\/uploads\/2025\/05\/marketplace-Jamaa-el-Fna-square-Morocco-Marrakech-2048x2048.webp 2048w\" sizes=\"(max-width: 1024px) 100vw, 1024px\" \/>\n                <\/div>\n                <\/a>\n                <div class=\"elementskit-box-body ekit-image-box-body\">\n                    <div class=\"elementskit-box-content ekit-image-box-body-inner\">\n                                                <h3 class=\"elementskit-info-box-title\">\n\n                        Recorrido de 7 d\u00edas por las ciudades imperiales desde Casablanca\n                        \n                    <\/h3>\n                                                            <div class=\"elementskit-box-style-content\">\n                        Este tour de 7 d\u00edas desde Casablanca explora las ciudades imperiales de Marruecos: Rabat, Meknes, Fez y Marrakech. Descubre las ruinas de Volubilis, el paseo en camello por el Sahara, el campamento bereber, la cordillera del Atlas, las gargantas del Todra y Ait Ben Haddou.                     <\/div>\n                                    <\/div>\n\n                                <div class=\"elementskit-box-footer\">\n                    <div class=\"box-footer\">\n                        <div class=\"btn-wraper\">\n                                                            <a href=\"https:\/\/roadtodesert.com\/es\/st_tour\/7-day-imperial-cities-tour-from-casablanca\/\" class=\"elementskit-btn whitespace--normal\">\n                                    \n                                    <svg aria-hidden=\"true\" class=\"e-font-icon-svg e-far-calendar-check\" viewBox=\"0 0 448 512\" xmlns=\"http:\/\/www.w3.org\/2000\/svg\"><path d=\"M400 64h-48V12c0-6.627-5.373-12-12-12h-40c-6.627 0-12 5.373-12 12v52H160V12c0-6.627-5.373-12-12-12h-40c-6.627 0-12 5.373-12 12v52H48C21.49 64 0 85.49 0 112v352c0 26.51 21.49 48 48 48h352c26.51 0 48-21.49 48-48V112c0-26.51-21.49-48-48-48zm-6 400H54a6 6 0 0 1-6-6V160h352v298a6 6 0 0 1-6 6zm-52.849-200.65L198.842 404.519c-4.705 4.667-12.303 4.637-16.971-.068l-75.091-75.699c-4.667-4.705-4.637-12.303.068-16.971l22.719-22.536c4.705-4.667 12.303-4.637 16.97.069l44.104 44.461 111.072-110.181c4.705-4.667 12.303-4.637 16.971.068l22.536 22.718c4.667 4.705 4.636 12.303-.069 16.97z\"><\/path><\/svg>\n                                    Haz clic para reservar                                <\/a>\n                                                        <\/div>\n                    <\/div>\n                <\/div>\n                            <\/div>\n            <\/div>\n    <\/div>\t\t\t\t<\/div>\n\t\t\t\t<\/div>\n\t\t\t\t<div class=\"elementor-element elementor-element-61b928f3 ekit-equal-height-enable elementor-widget elementor-widget-elementskit-image-box\" data-id=\"61b928f3\" data-element_type=\"widget\" data-e-type=\"widget\" data-widget_type=\"elementskit-image-box.default\">\n\t\t\t\t<div class=\"elementor-widget-container\">\n\t\t\t\t\t<div class=\"ekit-wid-con\" >\n            <div class=\"elementskit-info-image-box ekit-image-box text-left style-modern\" >\n\n                <a href=\"https:\/\/roadtodesert.com\/es\/st_tour\/viaje-de-8-dias-desierto-naturaleza-y-cultura-en-marruecos\/\">\n                <div class=\"elementskit-box-header image-box-img-left\">\n\n                    <img decoding=\"async\" width=\"1024\" height=\"1024\" src=\"https:\/\/roadtodesert.com\/wp-content\/uploads\/2025\/06\/Be-Marrakech-6-1024x1024.jpg\" class=\"attachment-large size-large wp-image-15648\" alt=\"\" srcset=\"https:\/\/roadtodesert.com\/wp-content\/uploads\/2025\/06\/Be-Marrakech-6-1024x1024.jpg 1024w, https:\/\/roadtodesert.com\/wp-content\/uploads\/2025\/06\/Be-Marrakech-6-300x300.jpg 300w, https:\/\/roadtodesert.com\/wp-content\/uploads\/2025\/06\/Be-Marrakech-6-150x150.jpg 150w, https:\/\/roadtodesert.com\/wp-content\/uploads\/2025\/06\/Be-Marrakech-6-1536x1536.jpg 1536w, https:\/\/roadtodesert.com\/wp-content\/uploads\/2025\/06\/Be-Marrakech-6-2048x2048.jpg 2048w\" sizes=\"(max-width: 1024px) 100vw, 1024px\" \/>\n                <\/div>\n                <\/a>\n                <div class=\"elementskit-box-body ekit-image-box-body\">\n                    <div class=\"elementskit-box-content ekit-image-box-body-inner\">\n                                                <h3 class=\"elementskit-info-box-title\">\n\n                        Viaje de 8 d\u00edas: Desierto, Naturaleza y Cultura en Marruecos\n                        \n                    <\/h3>\n                                                            <div class=\"elementskit-box-style-content\">\n                        Experimente la cultura y los paisajes de Marruecos en 8 d\u00edas, visitando Rabat, Mequinez, Fez y Marrakech, adem\u00e1s de las ruinas de Volubilis y Ait Ben Haddou. Disfrute de las dunas de Merzouga, la vegetaci\u00f3n de Ifrane, las gargantas del Todra y el valle del Dades con un viaje privado y c\u00f3modo.                     <\/div>\n                                    <\/div>\n\n                                <div class=\"elementskit-box-footer\">\n                    <div class=\"box-footer\">\n                        <div class=\"btn-wraper\">\n                                                            <a href=\"https:\/\/roadtodesert.com\/es\/st_tour\/viaje-de-8-dias-desierto-naturaleza-y-cultura-en-marruecos\/\" class=\"elementskit-btn whitespace--normal\">\n                                    \n                                    <svg aria-hidden=\"true\" class=\"e-font-icon-svg e-far-calendar-check\" viewBox=\"0 0 448 512\" xmlns=\"http:\/\/www.w3.org\/2000\/svg\"><path d=\"M400 64h-48V12c0-6.627-5.373-12-12-12h-40c-6.627 0-12 5.373-12 12v52H160V12c0-6.627-5.373-12-12-12h-40c-6.627 0-12 5.373-12 12v52H48C21.49 64 0 85.49 0 112v352c0 26.51 21.49 48 48 48h352c26.51 0 48-21.49 48-48V112c0-26.51-21.49-48-48-48zm-6 400H54a6 6 0 0 1-6-6V160h352v298a6 6 0 0 1-6 6zm-52.849-200.65L198.842 404.519c-4.705 4.667-12.303 4.637-16.971-.068l-75.091-75.699c-4.667-4.705-4.637-12.303.068-16.971l22.719-22.536c4.705-4.667 12.303-4.637 16.97.069l44.104 44.461 111.072-110.181c4.705-4.667 12.303-4.637 16.971.068l22.536 22.718c4.667 4.705 4.636 12.303-.069 16.97z\"><\/path><\/svg>\n                                    Haz clic para reservar                                <\/a>\n                                                        <\/div>\n                    <\/div>\n                <\/div>\n                            <\/div>\n            <\/div>\n    <\/div>\t\t\t\t<\/div>\n\t\t\t\t<\/div>\n\t\t\t\t<div class=\"elementor-element elementor-element-3635db7a ekit-equal-height-enable elementor-widget elementor-widget-elementskit-image-box\" data-id=\"3635db7a\" data-element_type=\"widget\" data-e-type=\"widget\" data-widget_type=\"elementskit-image-box.default\">\n\t\t\t\t<div class=\"elementor-widget-container\">\n\t\t\t\t\t<div class=\"ekit-wid-con\" >\n            <div class=\"elementskit-info-image-box ekit-image-box text-left style-modern\" >\n\n                <a href=\"https:\/\/roadtodesert.com\/es\/st_tour\/9-days-across-morocco-cities-desert-atlas-adventure\/\">\n                <div class=\"elementskit-box-header image-box-img-left\">\n\n                    <img loading=\"lazy\" decoding=\"async\" width=\"1024\" height=\"1024\" src=\"https:\/\/roadtodesert.com\/wp-content\/uploads\/2025\/06\/8e66d1e67b843693dea9978a72637164-1024x1024.webp\" class=\"attachment-large size-large wp-image-15626\" alt=\"\" srcset=\"https:\/\/roadtodesert.com\/wp-content\/uploads\/2025\/06\/8e66d1e67b843693dea9978a72637164-1024x1024.webp 1024w, https:\/\/roadtodesert.com\/wp-content\/uploads\/2025\/06\/8e66d1e67b843693dea9978a72637164-300x300.webp 300w, https:\/\/roadtodesert.com\/wp-content\/uploads\/2025\/06\/8e66d1e67b843693dea9978a72637164-150x150.webp 150w, https:\/\/roadtodesert.com\/wp-content\/uploads\/2025\/06\/8e66d1e67b843693dea9978a72637164-1536x1536.webp 1536w, https:\/\/roadtodesert.com\/wp-content\/uploads\/2025\/06\/8e66d1e67b843693dea9978a72637164-2048x2048.webp 2048w, https:\/\/roadtodesert.com\/wp-content\/uploads\/2025\/06\/8e66d1e67b843693dea9978a72637164-scaled-266x266.webp 266w, https:\/\/roadtodesert.com\/wp-content\/uploads\/2025\/06\/8e66d1e67b843693dea9978a72637164-scaled-600x600.webp 600w\" sizes=\"(max-width: 1024px) 100vw, 1024px\" \/>\n                <\/div>\n                <\/a>\n                <div class=\"elementskit-box-body ekit-image-box-body\">\n                    <div class=\"elementskit-box-content ekit-image-box-body-inner\">\n                                                <h3 class=\"elementskit-info-box-title\">\n\n                        9 d\u00edas por Marruecos: ciudades, desierto y aventura en el Atlas\n                        \n                    <\/h3>\n                                                            <div class=\"elementskit-box-style-content\">\n                        Emb\u00e1rcate en un viaje de 9 d\u00edas desde Casablanca a trav\u00e9s de las ciudades imperiales de Marruecos, la cordillera del Atlas y las dunas del Sahara. Disfruta de paseos en camello, campamentos de lujo en el desierto, las gargantas del Todra, Ait Ben Haddou y los vibrantes zocos de Marrakech.                     <\/div>\n                                    <\/div>\n\n                                <div class=\"elementskit-box-footer\">\n                    <div class=\"box-footer\">\n                        <div class=\"btn-wraper\">\n                                                            <a href=\"https:\/\/roadtodesert.com\/es\/st_tour\/9-days-across-morocco-cities-desert-atlas-adventure\/\" class=\"elementskit-btn whitespace--normal\">\n                                    \n                                    <svg aria-hidden=\"true\" class=\"e-font-icon-svg e-far-calendar-check\" viewBox=\"0 0 448 512\" xmlns=\"http:\/\/www.w3.org\/2000\/svg\"><path d=\"M400 64h-48V12c0-6.627-5.373-12-12-12h-40c-6.627 0-12 5.373-12 12v52H160V12c0-6.627-5.373-12-12-12h-40c-6.627 0-12 5.373-12 12v52H48C21.49 64 0 85.49 0 112v352c0 26.51 21.49 48 48 48h352c26.51 0 48-21.49 48-48V112c0-26.51-21.49-48-48-48zm-6 400H54a6 6 0 0 1-6-6V160h352v298a6 6 0 0 1-6 6zm-52.849-200.65L198.842 404.519c-4.705 4.667-12.303 4.637-16.971-.068l-75.091-75.699c-4.667-4.705-4.637-12.303.068-16.971l22.719-22.536c4.705-4.667 12.303-4.637 16.97.069l44.104 44.461 111.072-110.181c4.705-4.667 12.303-4.637 16.971.068l22.536 22.718c4.667 4.705 4.636 12.303-.069 16.97z\"><\/path><\/svg>\n                                    Haz clic para reservar                                <\/a>\n                                                        <\/div>\n                    <\/div>\n                <\/div>\n                            <\/div>\n            <\/div>\n    <\/div>\t\t\t\t<\/div>\n\t\t\t\t<\/div>\n\t\t\t\t<\/div>\n\t\t\t\t\t<\/div>\n\t\t\t\t<\/div>\n\t\t\t\t<\/div>\n\t\t","protected":false},"excerpt":{"rendered":"<p>Tours memorables desde Casablanca Comienza tu aventura en Casablanca y explora los destinos m\u00e1s emblem\u00e1ticos de Marruecos. Todos los tours incluyen transporte, gu\u00edas, alojamiento y experiencias inolvidables. Excursiones inolvidables de varios d\u00edas desde Casablanca Comienza tu aventura en Casablanca y explora los destinos m\u00e1s emblem\u00e1ticos de Marruecos. Todos los tours incluyen transporte, gu\u00edas, alojamiento y [&hellip;]<\/p>\n","protected":false},"author":3,"featured_media":13360,"parent":0,"menu_order":0,"comment_status":"closed","ping_status":"closed","template":"elementor_header_footer","meta":{"footnotes":""},"class_list":["post-14423","page","type-page","status-publish","has-post-thumbnail","hentry"],"_links":{"self":[{"href":"https:\/\/roadtodesert.com\/es\/wp-json\/wp\/v2\/pages\/14423","targetHints":{"allow":["GET"]}}],"collection":[{"href":"https:\/\/roadtodesert.com\/es\/wp-json\/wp\/v2\/pages"}],"about":[{"href":"https:\/\/roadtodesert.com\/es\/wp-json\/wp\/v2\/types\/page"}],"author":[{"embeddable":true,"href":"https:\/\/roadtodesert.com\/es\/wp-json\/wp\/v2\/users\/3"}],"replies":[{"embeddable":true,"href":"https:\/\/roadtodesert.com\/es\/wp-json\/wp\/v2\/comments?post=14423"}],"version-history":[{"count":9,"href":"https:\/\/roadtodesert.com\/es\/wp-json\/wp\/v2\/pages\/14423\/revisions"}],"predecessor-version":[{"id":15746,"href":"https:\/\/roadtodesert.com\/es\/wp-json\/wp\/v2\/pages\/14423\/revisions\/15746"}],"wp:featuredmedia":[{"embeddable":true,"href":"https:\/\/roadtodesert.com\/es\/wp-json\/wp\/v2\/media\/13360"}],"wp:attachment":[{"href":"https:\/\/roadtodesert.com\/es\/wp-json\/wp\/v2\/media?parent=14423"}],"curies":[{"name":"wp","href":"https:\/\/api.w.org\/{rel}","templated":true}]}}